{"id":6420,"date":"2018-03-14T15:32:39","date_gmt":"2018-03-14T14:32:39","guid":{"rendered":"http:\/\/www.yagoody.pl\/Produkt\/brewers-yeast\/"},"modified":"2021-09-09T10:25:00","modified_gmt":"2021-09-09T08:25:00","slug":"brewers-yeast","status":"publish","type":"product","link":"https:\/\/www.yagoody.pl\/en\/shop\/brewers-yeast\/","title":{"rendered":"Brewers yeast <br> powder <br> 450 g"},"content":{"rendered":"<p><strong>How to use the product:<\/strong> dissolve 2 tablespoons of yeast in water or juice, <strong>drink once or maximum twice a day. Recommended daily dose is 15 g (3-4 teaspoons).<\/strong><\/p>\n<p>You can add sugar or honey, because brewer&#8217;s yeast has intesive and specific taste. We recommend using the yeast every day throughout 3 weeks, then take a week off and after start again.<\/p>\n<p><strong>Storage method:<\/strong> in a dry and cool place, tightly closed.<\/p>\n<p><strong>Net weight:<\/strong> 500 g<\/p>\n<table width=\"337\">\n<tbody>\n<tr>\n<td width=\"275\">Nutrition fact\/ 100 g:<\/td>\n<td width=\"63\"><\/td>\n<\/tr>\n<tr>\n<td width=\"275\">Energy<\/td>\n<td width=\"63\">1333 kJ \/ 317 kcal<\/td>\n<\/tr>\n<tr>\n<td width=\"275\">Fat<\/td>\n<td width=\"63\">1,9 g<\/td>\n<\/tr>\n<tr>\n<td width=\"275\">of which saturates<\/td>\n<td width=\"63\">0,9 g<\/td>\n<\/tr>\n<tr>\n<td width=\"275\">Carbohydrate<\/td>\n<td width=\"63\">26 g<\/td>\n<\/tr>\n<tr>\n<td width=\"275\">of which sugars<\/td>\n<td width=\"63\">&lt;0,5 g<\/td>\n<\/tr>\n<tr>\n<td width=\"275\">Fibre<\/td>\n<td width=\"63\">20,3 g<\/td>\n<\/tr>\n<tr>\n<td width=\"275\">Protein<\/td>\n<td width=\"63\">38,7 g<\/td>\n<\/tr>\n<tr>\n<td width=\"275\">Salt<\/td>\n<td width=\"63\">0,2 g<\/td>\n<\/tr>\n<tr>\n<td width=\"275\">Vitamin B1 (Thiamine)<\/td>\n<td width=\"63\">7,0 mg<\/td>\n<\/tr>\n<tr>\n<td width=\"275\">Vitamin B2 (Riboflavin)<\/td>\n<td width=\"63\">3,2 mg<\/td>\n<\/tr>\n<tr>\n<td width=\"275\">Vitamin B3 (Niacin)<\/td>\n<td width=\"63\">43,0 mg<\/td>\n<\/tr>\n<tr>\n<td width=\"275\">Vitamin B5 (Panthothenic acid)<\/td>\n<td width=\"63\">3,0 mg<\/td>\n<\/tr>\n<tr>\n<td width=\"275\">Vitamin B6 (Pyridoxine)<\/td>\n<td width=\"63\">1,6 mg<\/td>\n<\/tr>\n<tr>\n<td width=\"275\">Vitamin B9 (Folic acid)<\/td>\n<td width=\"63\">800,0 \u03bcg<\/td>\n<\/tr>\n<tr>\n<td width=\"275\">Vitamin B12 (Cyanocobalamin)<\/td>\n<td width=\"63\">2,1 \u03bcg<\/td>\n<\/tr>\n<\/tbody>\n<\/table>\n<p><strong>Brewer&#8217;s yeast<\/strong> will help for all skin problems. They will manage with bites, acnes, and with blackheads. Strengthen hair &#8211; they will help them strengthen and not get greasy. Brewer&#8217;s yeast contains a whole range of vitamins B and vitamin C and E ((B1, B2, B3, B5, B6, B9, B12, C, E) and minerals ((Si, Zn, Cr, Mg, P, K, Fe, Se).<\/p>\n<p><strong>Our brewer&#8217;s yeast Yagoody are totally free from alcohol and preservatives. It is difficult to such a good substitute among natural products.<\/strong><\/p>\n","protected":false},"excerpt":{"rendered":"<p>Brewer\u2019s yeast, a natural product produced during beer production. <strong>It is an irreplaceable source of B vitamins, vitamin E, minerals (calcium, iron, magnesium, phosphorus, potassium, zinc, iodine), amino acids, fiber and proteins.<\/strong> They are known as &#8220;vitamin bomb&#8221;. Our brewer&#8217;s yeast are totally free from alcohol and preservatives. All ingredients are essential for providing daily energy, supporting proper digestion and improving the condition of skin, hair and nails.<\/p>\n<p><strong>Ingredients<\/strong>: brewer\u2019s yeast 100% (saccharomyces cerevisiae)<\/p>\n<p><strong>For whom brewer&#8217;s yeast?<\/strong><\/p>\n<ul>\n<li>for teenagers with acne and pimples<\/li>\n<li>for people who can easily get lip sores<\/li>\n<li>for women with brittle nails<\/li>\n<li>for people with weak and folling out hair<\/li>\n<li>for overworked person<\/li>\n<li>for people who are exhausted mentally<\/li>\n<\/ul>\n","protected":false},"featured_media":15454,"template":"","meta":[],"yoast_head":"<!-- This site is optimized with the Yoast SEO plugin v16.5 - https:\/\/yoast.com\/wordpress\/plugins\/seo\/ -->\n<title>Dro\u017cd\u017ce piwne Proszek 450 g - Yagoody - Ekologiczne produkty<\/title>\n<meta name=\"description\" content=\"W naszej ofercie znajduj\u0105 si\u0119 dro\u017cd\u017ce piwne w proszku. Jest to w pe\u0142ni naturalny produkt, kt\u00f3ry w naszym sklepie znajduje si\u0119 w opakowaniu 450g. Zapraszamy.\" \/>\n<meta name=\"robots\" content=\"index, follow, max-snippet:-1, max-image-preview:large, max-video-preview:-1\" \/>\n<link rel=\"canonical\" href=\"https:\/\/www.yagoody.pl\/en\/shop\/brewers-yeast\/\" \/>\n<meta property=\"og:locale\" content=\"en_US\" \/>\n<meta property=\"og:type\" content=\"article\" \/>\n<meta property=\"og:title\" content=\"Dro\u017cd\u017ce piwne Proszek 450 g - Yagoody - Ekologiczne produkty\" \/>\n<meta property=\"og:description\" content=\"W naszej ofercie znajduj\u0105 si\u0119 dro\u017cd\u017ce piwne w proszku. Jest to w pe\u0142ni naturalny produkt, kt\u00f3ry w naszym sklepie znajduje si\u0119 w opakowaniu 450g. Zapraszamy.\" \/>\n<meta property=\"og:url\" content=\"https:\/\/www.yagoody.pl\/en\/shop\/brewers-yeast\/\" \/>\n<meta property=\"og:site_name\" content=\"Yagoody - Ekologiczne produkty\" \/>\n<meta property=\"article:modified_time\" content=\"2021-09-09T08:25:00+00:00\" \/>\n<meta property=\"og:image\" content=\"https:\/\/www.yagoody.pl\/wp-content\/uploads\/2018\/03\/Drozdze-piwne-w-proszku-450-g.png\" \/>\n\t<meta property=\"og:image:width\" content=\"352\" \/>\n\t<meta property=\"og:image:height\" content=\"552\" \/>\n<meta name=\"twitter:card\" content=\"summary_large_image\" \/>\n<meta name=\"twitter:label1\" content=\"Est. reading time\" \/>\n\t<meta name=\"twitter:data1\" content=\"1 minute\" \/>\n<script type=\"application\/ld+json\" class=\"yoast-schema-graph\">{\"@context\":\"https:\/\/schema.org\",\"@graph\":[{\"@type\":\"WebSite\",\"@id\":\"https:\/\/www.yagoody.pl\/#website\",\"url\":\"https:\/\/www.yagoody.pl\/\",\"name\":\"Yagoody - Ekologiczne produkty\",\"description\":\"Nasze produkty to bogactwo antyoksydant\\u00f3w oraz witamin, kt\\u00f3re s\\u0105 niezb\\u0119dnym elementem diety i naturalnym sposobem na wspomaganie zdrowia, urody oraz samopoczucia.\",\"potentialAction\":[{\"@type\":\"SearchAction\",\"target\":\"https:\/\/www.yagoody.pl\/?s={search_term_string}\",\"query-input\":\"required name=search_term_string\"}],\"inLanguage\":\"en-US\"},{\"@type\":\"ImageObject\",\"@id\":\"https:\/\/www.yagoody.pl\/en\/shop\/brewers-yeast\/#primaryimage\",\"inLanguage\":\"en-US\",\"url\":\"https:\/\/www.yagoody.pl\/wp-content\/uploads\/2018\/03\/Drozdze-piwne-w-proszku-450-g.png\",\"contentUrl\":\"https:\/\/www.yagoody.pl\/wp-content\/uploads\/2018\/03\/Drozdze-piwne-w-proszku-450-g.png\",\"width\":352,\"height\":552},{\"@type\":\"WebPage\",\"@id\":\"https:\/\/www.yagoody.pl\/en\/shop\/brewers-yeast\/#webpage\",\"url\":\"https:\/\/www.yagoody.pl\/en\/shop\/brewers-yeast\/\",\"name\":\"Dro\\u017cd\\u017ce piwne Proszek 450 g - Yagoody - Ekologiczne produkty\",\"isPartOf\":{\"@id\":\"https:\/\/www.yagoody.pl\/#website\"},\"primaryImageOfPage\":{\"@id\":\"https:\/\/www.yagoody.pl\/en\/shop\/brewers-yeast\/#primaryimage\"},\"datePublished\":\"2018-03-14T14:32:39+00:00\",\"dateModified\":\"2021-09-09T08:25:00+00:00\",\"description\":\"W naszej ofercie znajduj\\u0105 si\\u0119 dro\\u017cd\\u017ce piwne w proszku. Jest to w pe\\u0142ni naturalny produkt, kt\\u00f3ry w naszym sklepie znajduje si\\u0119 w opakowaniu 450g. Zapraszamy.\",\"breadcrumb\":{\"@id\":\"https:\/\/www.yagoody.pl\/en\/shop\/brewers-yeast\/#breadcrumb\"},\"inLanguage\":\"en-US\",\"potentialAction\":[{\"@type\":\"ReadAction\",\"target\":[\"https:\/\/www.yagoody.pl\/en\/shop\/brewers-yeast\/\"]}]},{\"@type\":\"BreadcrumbList\",\"@id\":\"https:\/\/www.yagoody.pl\/en\/shop\/brewers-yeast\/#breadcrumb\",\"itemListElement\":[{\"@type\":\"ListItem\",\"position\":1,\"name\":\"Strona g\\u0142\\u00f3wna\",\"item\":\"https:\/\/www.yagoody.pl\/en\/\"},{\"@type\":\"ListItem\",\"position\":2,\"name\":\"Sklep\",\"item\":\"https:\/\/www.yagoody.pl\/en\/sklep\/\"},{\"@type\":\"ListItem\",\"position\":3,\"name\":\"Brewers yeast powder 450 g\"}]}]}<\/script>\n<!-- \/ Yoast SEO plugin. -->","_links":{"self":[{"href":"https:\/\/www.yagoody.pl\/en\/wp-json\/wp\/v2\/product\/6420"}],"collection":[{"href":"https:\/\/www.yagoody.pl\/en\/wp-json\/wp\/v2\/product"}],"about":[{"href":"https:\/\/www.yagoody.pl\/en\/wp-json\/wp\/v2\/types\/product"}],"wp:featuredmedia":[{"embeddable":true,"href":"https:\/\/www.yagoody.pl\/en\/wp-json\/wp\/v2\/media\/15454"}],"wp:attachment":[{"href":"https:\/\/www.yagoody.pl\/en\/wp-json\/wp\/v2\/media?parent=6420"}],"curies":[{"name":"wp","href":"https:\/\/api.w.org\/{rel}","templated":true}]}}