{"id":6171,"date":"2018-01-11T23:08:51","date_gmt":"2018-01-11T22:08:51","guid":{"rendered":"http:\/\/www.yagoody.pl\/Produkt\/ksylitol-brzozowy-finski\/"},"modified":"2021-09-09T10:27:15","modified_gmt":"2021-09-09T08:27:15","slug":"ksylitol-brzozowy-finski","status":"publish","type":"product","link":"https:\/\/www.yagoody.pl\/en\/shop\/ksylitol-brzozowy-finski\/","title":{"rendered":"Xylitol <br> Finnland <br> 1 kg"},"content":{"rendered":"<div data-vc-full-width=\"true\" data-vc-full-width-init=\"false\" class=\"vc_row wpb_row vc_row-fluid mpc-row\"><div class=\"wpb_column vc_column_container vc_col-sm-12 mpc-column\" data-column-id=\"mpc_column-4269efd111850c5\"><div class=\"vc_column-inner \"><div class=\"wpb_wrapper\">\n\t<div class=\"wpb_text_column wpb_content_element \">\n\t\t<div class=\"wpb_wrapper\">\n\t\t\t<p><strong>How to use the product:<\/strong>&nbsp;Xylitol&nbsp;is perfect to sweeten tea, coffee or other drinks. Also for making fruit preserves, dessert or cakes.<br>\nIt should be introduced to your diet progressively, starting from 1 to 3 teaspoons daily. Otherwise it could cause purgative effect. After your body gets used to xylitol, the intake can be increased.<\/p>\n<p>Should not be used by children under 3 years old.<br>\nShould not be used by animals.<\/p>\n\n\t\t<\/div>\n\t<\/div>\n<\/div><\/div><\/div><\/div><div class=\"vc_row-full-width vc_clearfix\"><\/div>\n","protected":false},"excerpt":{"rendered":"<p><strong>Xylitol &#8211; natural and healthy sugar alternative!<\/strong><\/p>\n<p><strong>Ingredients:<\/strong>\u00a0birch xylitol 100%<\/p>\n<p><b>Net weight:\u00a0<\/b>1 kg<\/p>\n<p><strong>Country of origin:<\/strong> Finnland<\/p>\n<p><strong>Birch xylitol is healthy sugar alternative<\/strong>, it has lower glicemic index and less calories! It can be used by diabetics and people who are on a no sugar diet. It is also healthy for your teeth as it does not cause caries.<\/p>\n","protected":false},"featured_media":6451,"template":"","meta":[],"yoast_head":"<!-- This site is optimized with the Yoast SEO plugin v16.5 - https:\/\/yoast.com\/wordpress\/plugins\/seo\/ -->\n<title>Ksylitol brzozowy fi\u0144ski 1 kg - Yagoody - Ekologiczne produkty<\/title>\n<meta name=\"description\" content=\"Czy poszukujesz zdrowego zamiennika cukru? Wybierz dost\u0119pny u nas ksylitol brzozowy. Je\u015bli potrzebujecie takiego produktu to serdecznie zapraszamy do zakup\u00f3w w naszym sklepie internetowym.\" \/>\n<meta name=\"robots\" content=\"index, follow, max-snippet:-1, max-image-preview:large, max-video-preview:-1\" \/>\n<link rel=\"canonical\" href=\"https:\/\/www.yagoody.pl\/en\/shop\/ksylitol-brzozowy-finski\/\" \/>\n<meta property=\"og:locale\" content=\"en_US\" \/>\n<meta property=\"og:type\" content=\"article\" \/>\n<meta property=\"og:title\" content=\"Ksylitol brzozowy fi\u0144ski 1 kg - Yagoody - Ekologiczne produkty\" \/>\n<meta property=\"og:description\" content=\"Czy poszukujesz zdrowego zamiennika cukru? Wybierz dost\u0119pny u nas ksylitol brzozowy. Je\u015bli potrzebujecie takiego produktu to serdecznie zapraszamy do zakup\u00f3w w naszym sklepie internetowym.\" \/>\n<meta property=\"og:url\" content=\"https:\/\/www.yagoody.pl\/en\/shop\/ksylitol-brzozowy-finski\/\" \/>\n<meta property=\"og:site_name\" content=\"Yagoody - Ekologiczne produkty\" \/>\n<meta property=\"article:modified_time\" content=\"2021-09-09T08:27:15+00:00\" \/>\n<meta property=\"og:image\" content=\"https:\/\/www.yagoody.pl\/wp-content\/uploads\/2017\/05\/ksylitol.jpg\" \/>\n\t<meta property=\"og:image:width\" content=\"352\" \/>\n\t<meta property=\"og:image:height\" content=\"552\" \/>\n<meta name=\"twitter:card\" content=\"summary_large_image\" \/>\n<script type=\"application\/ld+json\" class=\"yoast-schema-graph\">{\"@context\":\"https:\/\/schema.org\",\"@graph\":[{\"@type\":\"WebSite\",\"@id\":\"https:\/\/www.yagoody.pl\/#website\",\"url\":\"https:\/\/www.yagoody.pl\/\",\"name\":\"Yagoody - Ekologiczne produkty\",\"description\":\"Nasze produkty to bogactwo antyoksydant\\u00f3w oraz witamin, kt\\u00f3re s\\u0105 niezb\\u0119dnym elementem diety i naturalnym sposobem na wspomaganie zdrowia, urody oraz samopoczucia.\",\"potentialAction\":[{\"@type\":\"SearchAction\",\"target\":\"https:\/\/www.yagoody.pl\/?s={search_term_string}\",\"query-input\":\"required name=search_term_string\"}],\"inLanguage\":\"en-US\"},{\"@type\":\"ImageObject\",\"@id\":\"https:\/\/www.yagoody.pl\/en\/shop\/ksylitol-brzozowy-finski\/#primaryimage\",\"inLanguage\":\"en-US\",\"url\":\"https:\/\/www.yagoody.pl\/wp-content\/uploads\/2017\/05\/ksylitol.jpg\",\"contentUrl\":\"https:\/\/www.yagoody.pl\/wp-content\/uploads\/2017\/05\/ksylitol.jpg\",\"width\":352,\"height\":552},{\"@type\":\"WebPage\",\"@id\":\"https:\/\/www.yagoody.pl\/en\/shop\/ksylitol-brzozowy-finski\/#webpage\",\"url\":\"https:\/\/www.yagoody.pl\/en\/shop\/ksylitol-brzozowy-finski\/\",\"name\":\"Ksylitol brzozowy fi\\u0144ski 1 kg - Yagoody - Ekologiczne produkty\",\"isPartOf\":{\"@id\":\"https:\/\/www.yagoody.pl\/#website\"},\"primaryImageOfPage\":{\"@id\":\"https:\/\/www.yagoody.pl\/en\/shop\/ksylitol-brzozowy-finski\/#primaryimage\"},\"datePublished\":\"2018-01-11T22:08:51+00:00\",\"dateModified\":\"2021-09-09T08:27:15+00:00\",\"description\":\"Czy poszukujesz zdrowego zamiennika cukru? Wybierz dost\\u0119pny u nas ksylitol brzozowy. Je\\u015bli potrzebujecie takiego produktu to serdecznie zapraszamy do zakup\\u00f3w w naszym sklepie internetowym.\",\"breadcrumb\":{\"@id\":\"https:\/\/www.yagoody.pl\/en\/shop\/ksylitol-brzozowy-finski\/#breadcrumb\"},\"inLanguage\":\"en-US\",\"potentialAction\":[{\"@type\":\"ReadAction\",\"target\":[\"https:\/\/www.yagoody.pl\/en\/shop\/ksylitol-brzozowy-finski\/\"]}]},{\"@type\":\"BreadcrumbList\",\"@id\":\"https:\/\/www.yagoody.pl\/en\/shop\/ksylitol-brzozowy-finski\/#breadcrumb\",\"itemListElement\":[{\"@type\":\"ListItem\",\"position\":1,\"name\":\"Strona g\\u0142\\u00f3wna\",\"item\":\"https:\/\/www.yagoody.pl\/en\/\"},{\"@type\":\"ListItem\",\"position\":2,\"name\":\"Sklep\",\"item\":\"https:\/\/www.yagoody.pl\/en\/sklep\/\"},{\"@type\":\"ListItem\",\"position\":3,\"name\":\"Xylitol Finnland 1 kg\"}]}]}<\/script>\n<!-- \/ Yoast SEO plugin. -->","_links":{"self":[{"href":"https:\/\/www.yagoody.pl\/en\/wp-json\/wp\/v2\/product\/6171"}],"collection":[{"href":"https:\/\/www.yagoody.pl\/en\/wp-json\/wp\/v2\/product"}],"about":[{"href":"https:\/\/www.yagoody.pl\/en\/wp-json\/wp\/v2\/types\/product"}],"wp:featuredmedia":[{"embeddable":true,"href":"https:\/\/www.yagoody.pl\/en\/wp-json\/wp\/v2\/media\/6451"}],"wp:attachment":[{"href":"https:\/\/www.yagoody.pl\/en\/wp-json\/wp\/v2\/media?parent=6171"}],"curies":[{"name":"wp","href":"https:\/\/api.w.org\/{rel}","templated":true}]}}