{"id":5765,"date":"2017-05-05T12:19:17","date_gmt":"2017-05-05T10:19:17","guid":{"rendered":"http:\/\/www.yagoody.pl\/Produkt\/ekologiczny-sok-z-aronii-nfc-3-l\/"},"modified":"2021-09-09T10:33:16","modified_gmt":"2021-09-09T08:33:16","slug":"organic-aronia-juice-nfc-3l","status":"publish","type":"product","link":"https:\/\/www.yagoody.pl\/en\/shop\/organic-aronia-juice-nfc-3l\/","title":{"rendered":"Organic aronia juice NFC <br\/> Bag in box <br> 3L"},"content":{"rendered":"<p><strong>How to use the product:<\/strong> recommended daily dose for teenagers and adults is 100-300 ml. You can drink it directly from package.<\/p>\n<p><strong>Storage method:<\/strong> in a cool place. Juice after opening stays fresh for 30 days. The packaging type: bag-in-box. Packaging includes handle to easily move the juice around and the tap to pour the fresh juice straight to the glass.<\/p>\n<p><strong>Net weight:<\/strong> 3 litres<\/p>\n<p>POLISH PRODUCT<\/p>\n<table width=\"348\">\n<tbody>\n<tr>\n<td width=\"281\">Nutrition facts \/ 100 ml:<\/td>\n<td width=\"67\"><\/td>\n<\/tr>\n<tr>\n<td width=\"281\">Energy<\/td>\n<td width=\"67\">198 kJ \/ 47 kcal<\/td>\n<\/tr>\n<tr>\n<td width=\"281\">Fat<\/td>\n<td width=\"67\">0 g<\/td>\n<\/tr>\n<tr>\n<td width=\"281\">of which saturates<\/td>\n<td width=\"67\">0 g<\/td>\n<\/tr>\n<tr>\n<td width=\"281\">Carbohydrates<\/td>\n<td width=\"67\">10 g<\/td>\n<\/tr>\n<tr>\n<td width=\"281\">of which sugars<\/td>\n<td width=\"67\">6,3 g<\/td>\n<\/tr>\n<tr>\n<td width=\"281\">Fibre<\/td>\n<td width=\"67\">0,1 g<\/td>\n<\/tr>\n<tr>\n<td width=\"281\">Protein<\/td>\n<td width=\"67\">0,6 g<\/td>\n<\/tr>\n<tr>\n<td width=\"281\">Salt<\/td>\n<td width=\"67\">&lt;0,01 g<\/td>\n<\/tr>\n<\/tbody>\n<\/table>\n<p><strong>Aronia is a great source of vitamins and antioxidants. That is why, it helps to fight the excessive number of free radicals which can contribute to the development of many diseases, such as atherosclerosis or hypertension.<\/strong><\/p>\n<p>NFC juice means Not From Concentrate. It is pasteurized at the lowest possible temperatures, <strong>with no added of sugar, preservatives and any other additions.<\/strong> For juice production we are using only fruits from our family organic certified plantation.<\/p>\n","protected":false},"excerpt":{"rendered":"<p><strong>Thanks to the richness of atioxidants,<\/strong> aronia juice helps fight with free radicals, which are causes of many diseases (e.g. atherosclerosis). The ingredients of aronia affect the elasticity of the skin, preventing skin discoloration. <strong>Regular drinking aronia juice, prevents the accumulation of bad cholesterol and reduces pressure of blood, as well as regenerates tired eyes and improves memory.<\/strong><\/p>\n<p><strong>Ingredients:<\/strong>\u00a0organic aronia juice 100%<\/p>\n<p><strong>For whom aronia juice?<\/strong><\/p>\n<ul>\n<li>for people who want to protect their skin from UV rays<\/li>\n<li>for people with hypertension and asterosclerosis<\/li>\n<li>for those who are fighting with bad cholesterol<\/li>\n<li>for diabetics<\/li>\n<li>for children and adults<\/li>\n<li>for people with liver and pancreas problems<\/li>\n<\/ul>\n","protected":false},"featured_media":12187,"template":"","meta":[],"yoast_head":"<!-- This site is optimized with the Yoast SEO plugin v16.5 - https:\/\/yoast.com\/wordpress\/plugins\/seo\/ -->\n<title>BIO sok z aronii bag in box 3 l - Yagoody - Ekologiczne produkty<\/title>\n<meta name=\"description\" content=\"Czy poszukujesz zdrowego soku z aronii? Posiadamy takowy r\u00f3wnie\u017c w pojemno\u015bci 3l. Je\u015bli potrzebujecie takiego produktu to serdecznie zapraszamy do zakup\u00f3w w naszym sklepie internetowym.\" \/>\n<meta name=\"robots\" content=\"index, follow, max-snippet:-1, max-image-preview:large, max-video-preview:-1\" \/>\n<link rel=\"canonical\" href=\"https:\/\/www.yagoody.pl\/en\/shop\/organic-aronia-juice-nfc-3l\/\" \/>\n<meta property=\"og:locale\" content=\"en_US\" \/>\n<meta property=\"og:type\" content=\"article\" \/>\n<meta property=\"og:title\" content=\"BIO sok z aronii bag in box 3 l - Yagoody - Ekologiczne produkty\" \/>\n<meta property=\"og:description\" content=\"Czy poszukujesz zdrowego soku z aronii? Posiadamy takowy r\u00f3wnie\u017c w pojemno\u015bci 3l. Je\u015bli potrzebujecie takiego produktu to serdecznie zapraszamy do zakup\u00f3w w naszym sklepie internetowym.\" \/>\n<meta property=\"og:url\" content=\"https:\/\/www.yagoody.pl\/en\/shop\/organic-aronia-juice-nfc-3l\/\" \/>\n<meta property=\"og:site_name\" content=\"Yagoody - Ekologiczne produkty\" \/>\n<meta property=\"article:modified_time\" content=\"2021-09-09T08:33:16+00:00\" \/>\n<meta property=\"og:image\" content=\"https:\/\/www.yagoody.pl\/wp-content\/uploads\/2017\/05\/sok-aronia-BiB-3-logo-BIO.png\" \/>\n\t<meta property=\"og:image:width\" content=\"352\" \/>\n\t<meta property=\"og:image:height\" content=\"552\" \/>\n<meta name=\"twitter:card\" content=\"summary_large_image\" \/>\n<meta name=\"twitter:label1\" content=\"Est. reading time\" \/>\n\t<meta name=\"twitter:data1\" content=\"1 minute\" \/>\n<script type=\"application\/ld+json\" class=\"yoast-schema-graph\">{\"@context\":\"https:\/\/schema.org\",\"@graph\":[{\"@type\":\"WebSite\",\"@id\":\"https:\/\/www.yagoody.pl\/#website\",\"url\":\"https:\/\/www.yagoody.pl\/\",\"name\":\"Yagoody - Ekologiczne produkty\",\"description\":\"Nasze produkty to bogactwo antyoksydant\\u00f3w oraz witamin, kt\\u00f3re s\\u0105 niezb\\u0119dnym elementem diety i naturalnym sposobem na wspomaganie zdrowia, urody oraz samopoczucia.\",\"potentialAction\":[{\"@type\":\"SearchAction\",\"target\":\"https:\/\/www.yagoody.pl\/?s={search_term_string}\",\"query-input\":\"required name=search_term_string\"}],\"inLanguage\":\"en-US\"},{\"@type\":\"ImageObject\",\"@id\":\"https:\/\/www.yagoody.pl\/en\/shop\/organic-aronia-juice-nfc-3l\/#primaryimage\",\"inLanguage\":\"en-US\",\"url\":\"https:\/\/www.yagoody.pl\/wp-content\/uploads\/2017\/05\/sok-aronia-BiB-3-logo-BIO.png\",\"contentUrl\":\"https:\/\/www.yagoody.pl\/wp-content\/uploads\/2017\/05\/sok-aronia-BiB-3-logo-BIO.png\",\"width\":352,\"height\":552},{\"@type\":\"WebPage\",\"@id\":\"https:\/\/www.yagoody.pl\/en\/shop\/organic-aronia-juice-nfc-3l\/#webpage\",\"url\":\"https:\/\/www.yagoody.pl\/en\/shop\/organic-aronia-juice-nfc-3l\/\",\"name\":\"BIO sok z aronii bag in box 3 l - Yagoody - Ekologiczne produkty\",\"isPartOf\":{\"@id\":\"https:\/\/www.yagoody.pl\/#website\"},\"primaryImageOfPage\":{\"@id\":\"https:\/\/www.yagoody.pl\/en\/shop\/organic-aronia-juice-nfc-3l\/#primaryimage\"},\"datePublished\":\"2017-05-05T10:19:17+00:00\",\"dateModified\":\"2021-09-09T08:33:16+00:00\",\"description\":\"Czy poszukujesz zdrowego soku z aronii? Posiadamy takowy r\\u00f3wnie\\u017c w pojemno\\u015bci 3l. Je\\u015bli potrzebujecie takiego produktu to serdecznie zapraszamy do zakup\\u00f3w w naszym sklepie internetowym.\",\"breadcrumb\":{\"@id\":\"https:\/\/www.yagoody.pl\/en\/shop\/organic-aronia-juice-nfc-3l\/#breadcrumb\"},\"inLanguage\":\"en-US\",\"potentialAction\":[{\"@type\":\"ReadAction\",\"target\":[\"https:\/\/www.yagoody.pl\/en\/shop\/organic-aronia-juice-nfc-3l\/\"]}]},{\"@type\":\"BreadcrumbList\",\"@id\":\"https:\/\/www.yagoody.pl\/en\/shop\/organic-aronia-juice-nfc-3l\/#breadcrumb\",\"itemListElement\":[{\"@type\":\"ListItem\",\"position\":1,\"name\":\"Strona g\\u0142\\u00f3wna\",\"item\":\"https:\/\/www.yagoody.pl\/en\/\"},{\"@type\":\"ListItem\",\"position\":2,\"name\":\"Sklep\",\"item\":\"https:\/\/www.yagoody.pl\/en\/sklep\/\"},{\"@type\":\"ListItem\",\"position\":3,\"name\":\"Organic aronia juice NFC Bag in box 3L\"}]}]}<\/script>\n<!-- \/ Yoast SEO plugin. -->","_links":{"self":[{"href":"https:\/\/www.yagoody.pl\/en\/wp-json\/wp\/v2\/product\/5765"}],"collection":[{"href":"https:\/\/www.yagoody.pl\/en\/wp-json\/wp\/v2\/product"}],"about":[{"href":"https:\/\/www.yagoody.pl\/en\/wp-json\/wp\/v2\/types\/product"}],"wp:featuredmedia":[{"embeddable":true,"href":"https:\/\/www.yagoody.pl\/en\/wp-json\/wp\/v2\/media\/12187"}],"wp:attachment":[{"href":"https:\/\/www.yagoody.pl\/en\/wp-json\/wp\/v2\/media?parent=5765"}],"curies":[{"name":"wp","href":"https:\/\/api.w.org\/{rel}","templated":true}]}}