{"id":5762,"date":"2017-05-01T12:05:33","date_gmt":"2017-05-01T10:05:33","guid":{"rendered":"http:\/\/www.yagoody.pl\/Produkt\/naturalny-miod-z-aronia-250-g\/"},"modified":"2021-09-09T10:44:54","modified_gmt":"2021-09-09T08:44:54","slug":"honey-with-aronia-250-g","status":"publish","type":"product","link":"https:\/\/www.yagoody.pl\/en\/shop\/honey-with-aronia-250-g\/","title":{"rendered":"Honey <br> with organic aronia <br> 250 g"},"content":{"rendered":"<p><strong>How to use the product:<\/strong> honey with aronia can be eaten directly from jair. It is great addition for porridges and desserts. You can also make your tea more sweet with it.<\/p>\n<p><strong>Storage method:<\/strong> in a dry and cool place, tightly closed.<\/p>\n<p><strong>Net weight<\/strong>: 250 g<\/p>\n<p>POLISH PRODUCT<\/p>\n<table width=\"352\">\n<tbody>\n<tr>\n<td width=\"281\">Nutrition facts\/ 100 g<\/td>\n<td width=\"71\"><\/td>\n<\/tr>\n<tr>\n<td width=\"281\">Energy<\/td>\n<td width=\"71\">1410 kJ \/ 335 kcal<\/td>\n<\/tr>\n<tr>\n<td width=\"281\">Fat<\/td>\n<td width=\"71\">0 g<\/td>\n<\/tr>\n<tr>\n<td width=\"281\">of which saturates<\/td>\n<td width=\"71\">0 g<\/td>\n<\/tr>\n<tr>\n<td width=\"281\">Carbohydrates<\/td>\n<td width=\"71\">81 g<\/td>\n<\/tr>\n<tr>\n<td width=\"281\">of which sugars<\/td>\n<td width=\"71\">75 g<\/td>\n<\/tr>\n<tr>\n<td width=\"281\">Fibre<\/td>\n<td width=\"71\">18,5 g<\/td>\n<\/tr>\n<tr>\n<td width=\"281\">Protein<\/td>\n<td width=\"71\">0,5 g<\/td>\n<\/tr>\n<tr>\n<td width=\"281\">Salt<\/td>\n<td width=\"71\">0 g<\/td>\n<\/tr>\n<\/tbody>\n<\/table>\n<p><strong>Aronia is a great source of vitamins and antioxidants. That is why, it helps to fight the excessive number of free radicals which can contribute to the development of many diseases, such as atherosclerosis or hypertension.<\/strong> Moreover, free radicals can also cause skin aging. Take a dose of health and fight free radicals with Yagoody aronia products. Aronia is also great for eye regeneration, which is why it is recommended for people working in front of a computer.<\/p>\n","protected":false},"excerpt":{"rendered":"<p><strong>Our composition of honey and aronia is perfect<\/strong>, because of great taste and double portion of health in one jar. <strong>If you don&#8217;t like the traditional aroma of honey, you need to try our combination.<\/strong> Composition of honey and organic aronia is richness of ingredients such as <strong>vitamin C, antioxidants and falvonoids,<\/strong> which will support your immune system, circulatory system and will influence your well-being mood.<\/p>\n<p><strong>Ingredients:<\/strong> natural honey 95%, organic aronia 5%<\/p>\n<p><b>For whom honey with aronia?<\/b><\/p>\n<ul>\n<li>for children and adults<\/li>\n<li>for healthy food followers<\/li>\n<li>for people who want to strengthen their immunity<\/li>\n<li>for those who don&#8217;t like natural honey<\/li>\n<\/ul>\n","protected":false},"featured_media":5205,"template":"","meta":[],"yoast_head":"<!-- This site is optimized with the Yoast SEO plugin v16.5 - https:\/\/yoast.com\/wordpress\/plugins\/seo\/ -->\n<title>Mi\u00f3d z aroni\u0105 BIO 250g \u2013 sklep internetowy, online Yagoody.pl<\/title>\n<meta name=\"description\" content=\"W naszym sklepie znajduj\u0105 si\u0119 r\u00f3\u017cne produkty zawieraj\u0105ce aroni\u0119 w tym ekologiczny mi\u00f3d z aroni\u0105. Serdecznie zapraszamy do zakup\u00f3w w naszym sklepie internetowym.\" \/>\n<meta name=\"robots\" content=\"index, follow, max-snippet:-1, max-image-preview:large, max-video-preview:-1\" \/>\n<link rel=\"canonical\" href=\"https:\/\/www.yagoody.pl\/en\/shop\/honey-with-aronia-250-g\/\" \/>\n<meta property=\"og:locale\" content=\"en_US\" \/>\n<meta property=\"og:type\" content=\"article\" \/>\n<meta property=\"og:title\" content=\"Mi\u00f3d z aroni\u0105 BIO 250g \u2013 sklep internetowy, online Yagoody.pl\" \/>\n<meta property=\"og:description\" content=\"W naszym sklepie znajduj\u0105 si\u0119 r\u00f3\u017cne produkty zawieraj\u0105ce aroni\u0119 w tym ekologiczny mi\u00f3d z aroni\u0105. Serdecznie zapraszamy do zakup\u00f3w w naszym sklepie internetowym.\" \/>\n<meta property=\"og:url\" content=\"https:\/\/www.yagoody.pl\/en\/shop\/honey-with-aronia-250-g\/\" \/>\n<meta property=\"og:site_name\" content=\"Yagoody - Ekologiczne produkty\" \/>\n<meta property=\"article:modified_time\" content=\"2021-09-09T08:44:54+00:00\" \/>\n<meta property=\"og:image\" content=\"https:\/\/www.yagoody.pl\/wp-content\/uploads\/2017\/05\/Yagoody-aronia-honey.png\" \/>\n\t<meta property=\"og:image:width\" content=\"352\" \/>\n\t<meta property=\"og:image:height\" content=\"552\" \/>\n<meta name=\"twitter:card\" content=\"summary_large_image\" \/>\n<meta name=\"twitter:label1\" content=\"Est. reading time\" \/>\n\t<meta name=\"twitter:data1\" content=\"1 minute\" \/>\n<script type=\"application\/ld+json\" class=\"yoast-schema-graph\">{\"@context\":\"https:\/\/schema.org\",\"@graph\":[{\"@type\":\"WebSite\",\"@id\":\"https:\/\/www.yagoody.pl\/#website\",\"url\":\"https:\/\/www.yagoody.pl\/\",\"name\":\"Yagoody - Ekologiczne produkty\",\"description\":\"Nasze produkty to bogactwo antyoksydant\\u00f3w oraz witamin, kt\\u00f3re s\\u0105 niezb\\u0119dnym elementem diety i naturalnym sposobem na wspomaganie zdrowia, urody oraz samopoczucia.\",\"potentialAction\":[{\"@type\":\"SearchAction\",\"target\":\"https:\/\/www.yagoody.pl\/?s={search_term_string}\",\"query-input\":\"required name=search_term_string\"}],\"inLanguage\":\"en-US\"},{\"@type\":\"ImageObject\",\"@id\":\"https:\/\/www.yagoody.pl\/en\/shop\/honey-with-aronia-250-g\/#primaryimage\",\"inLanguage\":\"en-US\",\"url\":\"https:\/\/www.yagoody.pl\/wp-content\/uploads\/2017\/05\/Yagoody-aronia-honey.png\",\"contentUrl\":\"https:\/\/www.yagoody.pl\/wp-content\/uploads\/2017\/05\/Yagoody-aronia-honey.png\",\"width\":352,\"height\":552},{\"@type\":\"WebPage\",\"@id\":\"https:\/\/www.yagoody.pl\/en\/shop\/honey-with-aronia-250-g\/#webpage\",\"url\":\"https:\/\/www.yagoody.pl\/en\/shop\/honey-with-aronia-250-g\/\",\"name\":\"Mi\\u00f3d z aroni\\u0105 BIO 250g \\u2013 sklep internetowy, online Yagoody.pl\",\"isPartOf\":{\"@id\":\"https:\/\/www.yagoody.pl\/#website\"},\"primaryImageOfPage\":{\"@id\":\"https:\/\/www.yagoody.pl\/en\/shop\/honey-with-aronia-250-g\/#primaryimage\"},\"datePublished\":\"2017-05-01T10:05:33+00:00\",\"dateModified\":\"2021-09-09T08:44:54+00:00\",\"description\":\"W naszym sklepie znajduj\\u0105 si\\u0119 r\\u00f3\\u017cne produkty zawieraj\\u0105ce aroni\\u0119 w tym ekologiczny mi\\u00f3d z aroni\\u0105. Serdecznie zapraszamy do zakup\\u00f3w w naszym sklepie internetowym.\",\"breadcrumb\":{\"@id\":\"https:\/\/www.yagoody.pl\/en\/shop\/honey-with-aronia-250-g\/#breadcrumb\"},\"inLanguage\":\"en-US\",\"potentialAction\":[{\"@type\":\"ReadAction\",\"target\":[\"https:\/\/www.yagoody.pl\/en\/shop\/honey-with-aronia-250-g\/\"]}]},{\"@type\":\"BreadcrumbList\",\"@id\":\"https:\/\/www.yagoody.pl\/en\/shop\/honey-with-aronia-250-g\/#breadcrumb\",\"itemListElement\":[{\"@type\":\"ListItem\",\"position\":1,\"name\":\"Strona g\\u0142\\u00f3wna\",\"item\":\"https:\/\/www.yagoody.pl\/en\/\"},{\"@type\":\"ListItem\",\"position\":2,\"name\":\"Sklep\",\"item\":\"https:\/\/www.yagoody.pl\/en\/sklep\/\"},{\"@type\":\"ListItem\",\"position\":3,\"name\":\"Honey with organic aronia 250 g\"}]}]}<\/script>\n<!-- \/ Yoast SEO plugin. -->","_links":{"self":[{"href":"https:\/\/www.yagoody.pl\/en\/wp-json\/wp\/v2\/product\/5762"}],"collection":[{"href":"https:\/\/www.yagoody.pl\/en\/wp-json\/wp\/v2\/product"}],"about":[{"href":"https:\/\/www.yagoody.pl\/en\/wp-json\/wp\/v2\/types\/product"}],"wp:featuredmedia":[{"embeddable":true,"href":"https:\/\/www.yagoody.pl\/en\/wp-json\/wp\/v2\/media\/5205"}],"wp:attachment":[{"href":"https:\/\/www.yagoody.pl\/en\/wp-json\/wp\/v2\/media?parent=5762"}],"curies":[{"name":"wp","href":"https:\/\/api.w.org\/{rel}","templated":true}]}}