{"id":5761,"date":"2017-05-05T12:19:38","date_gmt":"2017-05-05T10:19:38","guid":{"rendered":"http:\/\/www.yagoody.pl\/Produkt\/ekologiczna-aronia-liofilizowana-w-proszku-30-g\/"},"modified":"2020-05-25T15:49:53","modified_gmt":"2020-05-25T13:49:53","slug":"organic-freeze-dried-aronia-powder-30-g","status":"publish","type":"product","link":"https:\/\/www.yagoody.pl\/en\/shop\/organic-freeze-dried-aronia-powder-30-g\/","title":{"rendered":"Organic freeze dried <br> aronia powder <br> 30 g"},"content":{"rendered":"<p><strong>How to use the product:<\/strong> it is enought to mix 1 teaspoon of freeze-dried aronia powder with water, juice or other favourite drink. It can be also added to yoghurt, smoothie and porridge. We recommend to consume 1-2 times per day.<\/p>\n<p><strong>Storage method:<\/strong> in a dry and cool place, tightly closed.<\/p>\n<p><strong>Net weight:<\/strong> 30 g<\/p>\n<p>POLISH PRODUCT<\/p>\n<table width=\"357\">\n<tbody>\n<tr>\n<td width=\"281\">Nutrition facts \/ 100 g:<\/td>\n<td width=\"76\"><\/td>\n<\/tr>\n<tr>\n<td width=\"281\">Energy<\/td>\n<td width=\"76\">1360 kJ \/ 325 kcal<\/td>\n<\/tr>\n<tr>\n<td width=\"281\">Fat<\/td>\n<td width=\"76\">1 g<\/td>\n<\/tr>\n<tr>\n<td width=\"281\">of which saturates<\/td>\n<td width=\"76\">0 g<\/td>\n<\/tr>\n<tr>\n<td width=\"281\">Carbohydrates<\/td>\n<td width=\"76\">73 g<\/td>\n<\/tr>\n<tr>\n<td width=\"281\">of which sugars<\/td>\n<td width=\"76\">41 g<\/td>\n<\/tr>\n<tr>\n<td width=\"281\">Fibre<\/td>\n<td width=\"76\">19 g<\/td>\n<\/tr>\n<tr>\n<td width=\"281\">Protein<\/td>\n<td width=\"76\">2,5 g<\/td>\n<\/tr>\n<tr>\n<td width=\"281\">Salt<\/td>\n<td width=\"76\">&lt;0,01 g<\/td>\n<\/tr>\n<\/tbody>\n<\/table>\n<p><strong>WHAT FREEZE DRYING IS?<\/strong><\/p>\n<p>Freeze drying is a process where food is drying through the freezing it, in a temperature lower than 40 Celsius degrees. By that, fruits and vegetables, preserve their nutrients, natural appearance, taste and smell. This is why, during the drying under the atmospheric pressure, it comes to sublimation of ice, which means that almost all the water is removed, excluding condensation. It is safe way of processing food, because in a freeze dried process, none bacteries, mould or other pathogenic germs can survive.<\/p>\n<p>Thanks to freeze-drying process:<\/p>\n<ul>\n<li>life of food products is extended;<\/li>\n<li>costs of keeping the food are lowering;<\/li>\n<li>seasonal of products is not a problem;<\/li>\n<li>the long term of storability;<\/li>\n<li>reducing spoilage of food &#8211; it is enought to storage product in a dry and shadow place.<\/li>\n<\/ul>\n","protected":false},"excerpt":{"rendered":"<p><strong>Aronia is a great source of polyphenols that strengthen the blood vessels and help lowering blood pressure. <\/strong> As a result, it reduces the risk of cardiovascular disease and heart disease. Aronia is also a strong antioxidant, and thus copes well with free radicals that are responsible for aging.<\/p>\n<p><strong>Ingredients:<\/strong> organic freeze-dried aronia 100%<\/p>\n<p><strong>For whom freeze-dried aronia?<\/strong><\/p>\n<ul>\n<li>for children and adults<\/li>\n<li>for people with hyperension and atherosclerosis<\/li>\n<li>for those who are strengthening their immunity<\/li>\n<li>for people with constipations<\/li>\n<\/ul>\n","protected":false},"featured_media":5172,"template":"","meta":[],"yoast_head":"<!-- This site is optimized with the Yoast SEO plugin v16.5 - https:\/\/yoast.com\/wordpress\/plugins\/seo\/ -->\n<title>BIO aronia liofilizowana 30 g - Yagoody - Ekologiczne produkty<\/title>\n<meta name=\"description\" content=\"W naszej, bogatej ofercie produkt\u00f3w aroniowych znajduje si\u0119 r\u00f3wnie\u017c BIO Aronia liofilizowana. Dowiedz si\u0119 o niej wi\u0119cej! Serdecznie zapraszam do zakupu!\" \/>\n<meta name=\"robots\" content=\"index, follow, max-snippet:-1, max-image-preview:large, max-video-preview:-1\" \/>\n<link rel=\"canonical\" href=\"https:\/\/www.yagoody.pl\/en\/shop\/organic-freeze-dried-aronia-powder-30-g\/\" \/>\n<meta property=\"og:locale\" content=\"en_US\" \/>\n<meta property=\"og:type\" content=\"article\" \/>\n<meta property=\"og:title\" content=\"BIO aronia liofilizowana 30 g - Yagoody - Ekologiczne produkty\" \/>\n<meta property=\"og:description\" content=\"W naszej, bogatej ofercie produkt\u00f3w aroniowych znajduje si\u0119 r\u00f3wnie\u017c BIO Aronia liofilizowana. Dowiedz si\u0119 o niej wi\u0119cej! Serdecznie zapraszam do zakupu!\" \/>\n<meta property=\"og:url\" content=\"https:\/\/www.yagoody.pl\/en\/shop\/organic-freeze-dried-aronia-powder-30-g\/\" \/>\n<meta property=\"og:site_name\" content=\"Yagoody - Ekologiczne produkty\" \/>\n<meta property=\"article:modified_time\" content=\"2020-05-25T13:49:53+00:00\" \/>\n<meta property=\"og:image\" content=\"https:\/\/www.yagoody.pl\/wp-content\/uploads\/2017\/05\/Yagoody-aronia-proszek.png\" \/>\n\t<meta property=\"og:image:width\" content=\"352\" \/>\n\t<meta property=\"og:image:height\" content=\"552\" \/>\n<meta name=\"twitter:card\" content=\"summary_large_image\" \/>\n<meta name=\"twitter:label1\" content=\"Est. reading time\" \/>\n\t<meta name=\"twitter:data1\" content=\"1 minute\" \/>\n<script type=\"application\/ld+json\" class=\"yoast-schema-graph\">{\"@context\":\"https:\/\/schema.org\",\"@graph\":[{\"@type\":\"WebSite\",\"@id\":\"https:\/\/www.yagoody.pl\/#website\",\"url\":\"https:\/\/www.yagoody.pl\/\",\"name\":\"Yagoody - Ekologiczne produkty\",\"description\":\"Nasze produkty to bogactwo antyoksydant\\u00f3w oraz witamin, kt\\u00f3re s\\u0105 niezb\\u0119dnym elementem diety i naturalnym sposobem na wspomaganie zdrowia, urody oraz samopoczucia.\",\"potentialAction\":[{\"@type\":\"SearchAction\",\"target\":\"https:\/\/www.yagoody.pl\/?s={search_term_string}\",\"query-input\":\"required name=search_term_string\"}],\"inLanguage\":\"en-US\"},{\"@type\":\"ImageObject\",\"@id\":\"https:\/\/www.yagoody.pl\/en\/shop\/organic-freeze-dried-aronia-powder-30-g\/#primaryimage\",\"inLanguage\":\"en-US\",\"url\":\"https:\/\/www.yagoody.pl\/wp-content\/uploads\/2017\/05\/Yagoody-aronia-proszek.png\",\"contentUrl\":\"https:\/\/www.yagoody.pl\/wp-content\/uploads\/2017\/05\/Yagoody-aronia-proszek.png\",\"width\":352,\"height\":552},{\"@type\":\"WebPage\",\"@id\":\"https:\/\/www.yagoody.pl\/en\/shop\/organic-freeze-dried-aronia-powder-30-g\/#webpage\",\"url\":\"https:\/\/www.yagoody.pl\/en\/shop\/organic-freeze-dried-aronia-powder-30-g\/\",\"name\":\"BIO aronia liofilizowana 30 g - Yagoody - Ekologiczne produkty\",\"isPartOf\":{\"@id\":\"https:\/\/www.yagoody.pl\/#website\"},\"primaryImageOfPage\":{\"@id\":\"https:\/\/www.yagoody.pl\/en\/shop\/organic-freeze-dried-aronia-powder-30-g\/#primaryimage\"},\"datePublished\":\"2017-05-05T10:19:38+00:00\",\"dateModified\":\"2020-05-25T13:49:53+00:00\",\"description\":\"W naszej, bogatej ofercie produkt\\u00f3w aroniowych znajduje si\\u0119 r\\u00f3wnie\\u017c BIO Aronia liofilizowana. Dowiedz si\\u0119 o niej wi\\u0119cej! Serdecznie zapraszam do zakupu!\",\"breadcrumb\":{\"@id\":\"https:\/\/www.yagoody.pl\/en\/shop\/organic-freeze-dried-aronia-powder-30-g\/#breadcrumb\"},\"inLanguage\":\"en-US\",\"potentialAction\":[{\"@type\":\"ReadAction\",\"target\":[\"https:\/\/www.yagoody.pl\/en\/shop\/organic-freeze-dried-aronia-powder-30-g\/\"]}]},{\"@type\":\"BreadcrumbList\",\"@id\":\"https:\/\/www.yagoody.pl\/en\/shop\/organic-freeze-dried-aronia-powder-30-g\/#breadcrumb\",\"itemListElement\":[{\"@type\":\"ListItem\",\"position\":1,\"name\":\"Strona g\\u0142\\u00f3wna\",\"item\":\"https:\/\/www.yagoody.pl\/en\/\"},{\"@type\":\"ListItem\",\"position\":2,\"name\":\"Sklep\",\"item\":\"https:\/\/www.yagoody.pl\/en\/sklep\/\"},{\"@type\":\"ListItem\",\"position\":3,\"name\":\"Organic freeze dried aronia powder 30 g\"}]}]}<\/script>\n<!-- \/ Yoast SEO plugin. -->","_links":{"self":[{"href":"https:\/\/www.yagoody.pl\/en\/wp-json\/wp\/v2\/product\/5761"}],"collection":[{"href":"https:\/\/www.yagoody.pl\/en\/wp-json\/wp\/v2\/product"}],"about":[{"href":"https:\/\/www.yagoody.pl\/en\/wp-json\/wp\/v2\/types\/product"}],"wp:featuredmedia":[{"embeddable":true,"href":"https:\/\/www.yagoody.pl\/en\/wp-json\/wp\/v2\/media\/5172"}],"wp:attachment":[{"href":"https:\/\/www.yagoody.pl\/en\/wp-json\/wp\/v2\/media?parent=5761"}],"curies":[{"name":"wp","href":"https:\/\/api.w.org\/{rel}","templated":true}]}}