{"id":5758,"date":"2017-05-05T12:19:49","date_gmt":"2017-05-05T10:19:49","guid":{"rendered":"http:\/\/www.yagoody.pl\/Produkt\/ekologiczna-borowka-brusznica-liofilizowana-w-proszku-30-g\/"},"modified":"2021-09-09T10:31:13","modified_gmt":"2021-09-09T08:31:13","slug":"ekologiczna-borowka-brusznica-liofilizowana-w-proszku-30-g","status":"publish","type":"product","link":"https:\/\/www.yagoody.pl\/en\/shop\/ekologiczna-borowka-brusznica-liofilizowana-w-proszku-30-g\/","title":{"rendered":"Organic freeze <br> dried lingonberry <br\/> 30 g"},"content":{"rendered":"<p><strong>How to use the product:<\/strong> it is enought to mix powder with water, juice or other favourite drink. It can be also added to cakes, waffles or muesli.<\/p>\n<p><strong>Storage method:<\/strong> in a dry and cool place, tightly closed.<\/p>\n<p><strong>Net weight:<\/strong> 30 g<\/p>\n<p>POLISH PRODUCT<\/p>\n<table width=\"357\">\n<tbody>\n<tr>\n<td width=\"281\">Nutrition facts \/ 100 g:<\/td>\n<td width=\"76\"><\/td>\n<\/tr>\n<tr>\n<td width=\"281\">Energy<\/td>\n<td width=\"76\">1603 kJ \/ 379 kcal<\/td>\n<\/tr>\n<tr>\n<td width=\"281\">Fat<\/td>\n<td width=\"76\">4 g<\/td>\n<\/tr>\n<tr>\n<td width=\"281\">of which saturates<\/td>\n<td width=\"76\">0 g<\/td>\n<\/tr>\n<tr>\n<td width=\"281\">Carbohydrates<\/td>\n<td width=\"76\">81 g<\/td>\n<\/tr>\n<tr>\n<td width=\"281\">of which sugars<\/td>\n<td width=\"76\">30 g<\/td>\n<\/tr>\n<tr>\n<td width=\"281\">Fibre<\/td>\n<td width=\"76\">32 g<\/td>\n<\/tr>\n<tr>\n<td width=\"281\">Protein<\/td>\n<td width=\"76\">5,3 g<\/td>\n<\/tr>\n<tr>\n<td width=\"281\">Salt<\/td>\n<td width=\"76\">0 g<\/td>\n<\/tr>\n<\/tbody>\n<\/table>\n<p><strong>WHAT FREEZE DRYING IS?<\/strong><\/p>\n<p>Freeze drying is a process where food is drying through the freezing it, in a temperature lower than 40 Celsius degrees. By that, fruits and vegetables, preserve their nutrients, natural appearance, taste and smell. This is why, during the drying under the atmospheric pressure, it comes to sublimation of ice, which means that almost all the water is removed, excluding condensation. It is safe way of processing food, because in a freeze dried process, none bacteries, mould or other pathogenic germs can survive.<\/p>\n<p>Thanks to freeze-drying process:<\/p>\n<ul>\n<li>life of food products is extended;<\/li>\n<li>costs of keeping the food are lowering;<\/li>\n<li>seasonal of products is not a problem;<\/li>\n<li>the long term of storability;<\/li>\n<li>reducing spoilage of food &#8211; it is enought to storage product in a dry and shadow place.<\/li>\n<\/ul>\n","protected":false},"excerpt":{"rendered":"<p>Freeze-dried lingonberry is <strong>richness of flavonoids<\/strong>, which removes toxins from our organism, because they stimulates functioning of urinary tract. <strong>Regular intake of lingonberry, helps regulating blood pressure level and strengthening the walls of blood vessels.<\/strong><\/p>\n<p><strong>Ingredients:<\/strong> organic freeze-dried lingonberry 100%<\/p>\n<p><strong>For whom freeze-dried lingonberry?<\/strong><\/p>\n<ul>\n<li>for children and adults<\/li>\n<li>for healthy food followers<\/li>\n<li>for people on detox<\/li>\n<li>for people with hypertension<\/li>\n<\/ul>\n","protected":false},"featured_media":5209,"template":"","meta":[],"yoast_head":"<!-- This site is optimized with the Yoast SEO plugin v16.5 - https:\/\/yoast.com\/wordpress\/plugins\/seo\/ -->\n<title>BIO bor\u00f3wka brusznica liofilizowana 30g - Yagoody - Ekologiczne produkty<\/title>\n<meta name=\"description\" content=\"Zobacz nasz\u0105 ofert\u0119 owoc\u00f3w liofilizowanych w\u015br\u00f3d kt\u00f3rych jest m.in bor\u00f3wka brusznica. Je\u015bli potrzebujecie takiego produktu to serdecznie zapraszamy do zakup\u00f3w w naszym sklepie internetowym.\" \/>\n<meta name=\"robots\" content=\"index, follow, max-snippet:-1, max-image-preview:large, max-video-preview:-1\" \/>\n<link rel=\"canonical\" href=\"https:\/\/www.yagoody.pl\/en\/shop\/ekologiczna-borowka-brusznica-liofilizowana-w-proszku-30-g\/\" \/>\n<meta property=\"og:locale\" content=\"en_US\" \/>\n<meta property=\"og:type\" content=\"article\" \/>\n<meta property=\"og:title\" content=\"BIO bor\u00f3wka brusznica liofilizowana 30g - Yagoody - Ekologiczne produkty\" \/>\n<meta property=\"og:description\" content=\"Zobacz nasz\u0105 ofert\u0119 owoc\u00f3w liofilizowanych w\u015br\u00f3d kt\u00f3rych jest m.in bor\u00f3wka brusznica. Je\u015bli potrzebujecie takiego produktu to serdecznie zapraszamy do zakup\u00f3w w naszym sklepie internetowym.\" \/>\n<meta property=\"og:url\" content=\"https:\/\/www.yagoody.pl\/en\/shop\/ekologiczna-borowka-brusznica-liofilizowana-w-proszku-30-g\/\" \/>\n<meta property=\"og:site_name\" content=\"Yagoody - Ekologiczne produkty\" \/>\n<meta property=\"article:modified_time\" content=\"2021-09-09T08:31:13+00:00\" \/>\n<meta property=\"og:image\" content=\"https:\/\/www.yagoody.pl\/wp-content\/uploads\/2017\/05\/Yagoody-aronia-lingonberry.png\" \/>\n\t<meta property=\"og:image:width\" content=\"352\" \/>\n\t<meta property=\"og:image:height\" content=\"552\" \/>\n<meta name=\"twitter:card\" content=\"summary_large_image\" \/>\n<meta name=\"twitter:label1\" content=\"Est. reading time\" \/>\n\t<meta name=\"twitter:data1\" content=\"1 minute\" \/>\n<script type=\"application\/ld+json\" class=\"yoast-schema-graph\">{\"@context\":\"https:\/\/schema.org\",\"@graph\":[{\"@type\":\"WebSite\",\"@id\":\"https:\/\/www.yagoody.pl\/#website\",\"url\":\"https:\/\/www.yagoody.pl\/\",\"name\":\"Yagoody - Ekologiczne produkty\",\"description\":\"Nasze produkty to bogactwo antyoksydant\\u00f3w oraz witamin, kt\\u00f3re s\\u0105 niezb\\u0119dnym elementem diety i naturalnym sposobem na wspomaganie zdrowia, urody oraz samopoczucia.\",\"potentialAction\":[{\"@type\":\"SearchAction\",\"target\":\"https:\/\/www.yagoody.pl\/?s={search_term_string}\",\"query-input\":\"required name=search_term_string\"}],\"inLanguage\":\"en-US\"},{\"@type\":\"ImageObject\",\"@id\":\"https:\/\/www.yagoody.pl\/en\/shop\/ekologiczna-borowka-brusznica-liofilizowana-w-proszku-30-g\/#primaryimage\",\"inLanguage\":\"en-US\",\"url\":\"https:\/\/www.yagoody.pl\/wp-content\/uploads\/2017\/05\/Yagoody-aronia-lingonberry.png\",\"contentUrl\":\"https:\/\/www.yagoody.pl\/wp-content\/uploads\/2017\/05\/Yagoody-aronia-lingonberry.png\",\"width\":352,\"height\":552},{\"@type\":\"WebPage\",\"@id\":\"https:\/\/www.yagoody.pl\/en\/shop\/ekologiczna-borowka-brusznica-liofilizowana-w-proszku-30-g\/#webpage\",\"url\":\"https:\/\/www.yagoody.pl\/en\/shop\/ekologiczna-borowka-brusznica-liofilizowana-w-proszku-30-g\/\",\"name\":\"BIO bor\\u00f3wka brusznica liofilizowana 30g - Yagoody - Ekologiczne produkty\",\"isPartOf\":{\"@id\":\"https:\/\/www.yagoody.pl\/#website\"},\"primaryImageOfPage\":{\"@id\":\"https:\/\/www.yagoody.pl\/en\/shop\/ekologiczna-borowka-brusznica-liofilizowana-w-proszku-30-g\/#primaryimage\"},\"datePublished\":\"2017-05-05T10:19:49+00:00\",\"dateModified\":\"2021-09-09T08:31:13+00:00\",\"description\":\"Zobacz nasz\\u0105 ofert\\u0119 owoc\\u00f3w liofilizowanych w\\u015br\\u00f3d kt\\u00f3rych jest m.in bor\\u00f3wka brusznica. Je\\u015bli potrzebujecie takiego produktu to serdecznie zapraszamy do zakup\\u00f3w w naszym sklepie internetowym.\",\"breadcrumb\":{\"@id\":\"https:\/\/www.yagoody.pl\/en\/shop\/ekologiczna-borowka-brusznica-liofilizowana-w-proszku-30-g\/#breadcrumb\"},\"inLanguage\":\"en-US\",\"potentialAction\":[{\"@type\":\"ReadAction\",\"target\":[\"https:\/\/www.yagoody.pl\/en\/shop\/ekologiczna-borowka-brusznica-liofilizowana-w-proszku-30-g\/\"]}]},{\"@type\":\"BreadcrumbList\",\"@id\":\"https:\/\/www.yagoody.pl\/en\/shop\/ekologiczna-borowka-brusznica-liofilizowana-w-proszku-30-g\/#breadcrumb\",\"itemListElement\":[{\"@type\":\"ListItem\",\"position\":1,\"name\":\"Strona g\\u0142\\u00f3wna\",\"item\":\"https:\/\/www.yagoody.pl\/en\/\"},{\"@type\":\"ListItem\",\"position\":2,\"name\":\"Sklep\",\"item\":\"https:\/\/www.yagoody.pl\/en\/sklep\/\"},{\"@type\":\"ListItem\",\"position\":3,\"name\":\"Organic freeze dried lingonberry 30 g\"}]}]}<\/script>\n<!-- \/ Yoast SEO plugin. -->","_links":{"self":[{"href":"https:\/\/www.yagoody.pl\/en\/wp-json\/wp\/v2\/product\/5758"}],"collection":[{"href":"https:\/\/www.yagoody.pl\/en\/wp-json\/wp\/v2\/product"}],"about":[{"href":"https:\/\/www.yagoody.pl\/en\/wp-json\/wp\/v2\/types\/product"}],"wp:featuredmedia":[{"embeddable":true,"href":"https:\/\/www.yagoody.pl\/en\/wp-json\/wp\/v2\/media\/5209"}],"wp:attachment":[{"href":"https:\/\/www.yagoody.pl\/en\/wp-json\/wp\/v2\/media?parent=5758"}],"curies":[{"name":"wp","href":"https:\/\/api.w.org\/{rel}","templated":true}]}}