{"id":5756,"date":"2017-05-05T12:19:54","date_gmt":"2017-05-05T10:19:54","guid":{"rendered":"http:\/\/www.yagoody.pl\/Produkt\/ekologiczna-jezyna-liofilizowana-w-proszku-30-g\/"},"modified":"2020-05-25T15:34:32","modified_gmt":"2020-05-25T13:34:32","slug":"bio-freeze-dried-blackberry-powder-30g","status":"publish","type":"product","link":"https:\/\/www.yagoody.pl\/en\/shop\/bio-freeze-dried-blackberry-powder-30g\/","title":{"rendered":"Organic freeze dried<br> blackberry powder <br>30g"},"content":{"rendered":"<p><strong>How to use the product:<\/strong> it is enought to mix powder with water, juice or other favourite drink. It can be also added to cakes, waffles or muesli.<\/p>\n<p><strong>Storage method:<\/strong> in a dry and cool place, tightly closed.<\/p>\n<p><strong>Net weight:<\/strong> 30 g<\/p>\n<p>POLISH PRODUCT<\/p>\n<table width=\"357\">\n<tbody>\n<tr>\n<td width=\"281\">Nutrition facts \/ 100 g:<\/td>\n<td width=\"76\"><\/td>\n<\/tr>\n<tr>\n<td width=\"281\">Energy<\/td>\n<td width=\"76\">1653 kJ \/ 395 kcal<\/td>\n<\/tr>\n<tr>\n<td width=\"281\">Fat<\/td>\n<td width=\"76\">2,5 g<\/td>\n<\/tr>\n<tr>\n<td width=\"281\">of which saturates<\/td>\n<td width=\"76\">0 g<\/td>\n<\/tr>\n<tr>\n<td width=\"281\">Carbohydrates<\/td>\n<td width=\"76\">75,5 g<\/td>\n<\/tr>\n<tr>\n<td width=\"281\">of which sugars<\/td>\n<td width=\"76\">31 g<\/td>\n<\/tr>\n<tr>\n<td width=\"281\">Fibre<\/td>\n<td width=\"76\">34 g<\/td>\n<\/tr>\n<tr>\n<td width=\"281\">Protein<\/td>\n<td width=\"76\">9 g<\/td>\n<\/tr>\n<tr>\n<td width=\"281\">Salt<\/td>\n<td width=\"76\">&lt;0,01 g<\/td>\n<\/tr>\n<\/tbody>\n<\/table>\n<p><strong>WHAT FREEZE DRYING IS?<\/strong><\/p>\n<p>Freeze drying is a process where food is drying through the freezing it, in a temperature lower than 40 Celsius degrees. By that, fruits and vegetables, preserve their nutrients, natural appearance, taste and smell. This is why, during the drying under the atmospheric pressure, it comes to sublimation of ice, which means that almost all the water is removed, excluding condensation. It is safe way of processing food, because in a freeze dried process, none bacteries, mould or other pathogenic germs can survive.<\/p>\n<p>Thanks to freeze-drying process:<\/p>\n<ul>\n<li>life of food products is extended;<\/li>\n<li>costs of keeping the food are lowering;<\/li>\n<li>seasonal of products is not a problem;<\/li>\n<li>the long term of storability;<\/li>\n<li>reducing spoilage of food &#8211; it is enought to storage product in a dry and shadow place.<\/li>\n<\/ul>\n","protected":false},"excerpt":{"rendered":"<p><strong>Blackberry is a rich source of vitamin E, which is called the &#8220;vitamin of youth&#8221;. <\/strong>Thanks to the strong antioxidant properties it delays the skin aging process and wrinkles formation. In addition, <strong>vitamin C in the blackberry protects you against the harmful effects of oxidative stress and helps in the fight against free radicals.<\/strong> Berries have a lot of anthocyjanis, which provide skin condition and accelerate eyes regeneration.<\/p>\n<p><strong>Ingredients:<\/strong> organic blackberry 100%<\/p>\n<p><b>For whom freeze-dried blackberry?<\/b><\/p>\n<ul>\n<li>for children and adults<\/li>\n<li>for those who prefer healthy food<\/li>\n<li>for people on detox<\/li>\n<li>for strengthening immunity<\/li>\n<\/ul>\n","protected":false},"featured_media":5185,"template":"","meta":[],"yoast_head":"<!-- This site is optimized with the Yoast SEO plugin v16.5 - https:\/\/yoast.com\/wordpress\/plugins\/seo\/ -->\n<title>BIO je\u017cyna liofilizowana 30g - Yagoody - Ekologiczne produkty<\/title>\n<meta name=\"description\" content=\"Je\u017cyna to owoc pe\u0142en witaminy E. W naszej ofercie znajduje si\u0119 w wersji BIO jako je\u017cyna liofilizowana. Zajrzyj do naszego sklepu internetowego i dokonaj zakupu.\" \/>\n<meta name=\"robots\" content=\"index, follow, max-snippet:-1, max-image-preview:large, max-video-preview:-1\" \/>\n<link rel=\"canonical\" href=\"https:\/\/www.yagoody.pl\/en\/shop\/bio-freeze-dried-blackberry-powder-30g\/\" \/>\n<meta property=\"og:locale\" content=\"en_US\" \/>\n<meta property=\"og:type\" content=\"article\" \/>\n<meta property=\"og:title\" content=\"BIO je\u017cyna liofilizowana 30g - Yagoody - Ekologiczne produkty\" \/>\n<meta property=\"og:description\" content=\"Je\u017cyna to owoc pe\u0142en witaminy E. W naszej ofercie znajduje si\u0119 w wersji BIO jako je\u017cyna liofilizowana. Zajrzyj do naszego sklepu internetowego i dokonaj zakupu.\" \/>\n<meta property=\"og:url\" content=\"https:\/\/www.yagoody.pl\/en\/shop\/bio-freeze-dried-blackberry-powder-30g\/\" \/>\n<meta property=\"og:site_name\" content=\"Yagoody - Ekologiczne produkty\" \/>\n<meta property=\"article:modified_time\" content=\"2020-05-25T13:34:32+00:00\" \/>\n<meta property=\"og:image\" content=\"https:\/\/www.yagoody.pl\/wp-content\/uploads\/2017\/05\/Yagoody-aronia-blackberry.png\" \/>\n\t<meta property=\"og:image:width\" content=\"352\" \/>\n\t<meta property=\"og:image:height\" content=\"552\" \/>\n<meta name=\"twitter:card\" content=\"summary_large_image\" \/>\n<meta name=\"twitter:label1\" content=\"Est. reading time\" \/>\n\t<meta name=\"twitter:data1\" content=\"1 minute\" \/>\n<script type=\"application\/ld+json\" class=\"yoast-schema-graph\">{\"@context\":\"https:\/\/schema.org\",\"@graph\":[{\"@type\":\"WebSite\",\"@id\":\"https:\/\/www.yagoody.pl\/#website\",\"url\":\"https:\/\/www.yagoody.pl\/\",\"name\":\"Yagoody - Ekologiczne produkty\",\"description\":\"Nasze produkty to bogactwo antyoksydant\\u00f3w oraz witamin, kt\\u00f3re s\\u0105 niezb\\u0119dnym elementem diety i naturalnym sposobem na wspomaganie zdrowia, urody oraz samopoczucia.\",\"potentialAction\":[{\"@type\":\"SearchAction\",\"target\":\"https:\/\/www.yagoody.pl\/?s={search_term_string}\",\"query-input\":\"required name=search_term_string\"}],\"inLanguage\":\"en-US\"},{\"@type\":\"ImageObject\",\"@id\":\"https:\/\/www.yagoody.pl\/en\/shop\/bio-freeze-dried-blackberry-powder-30g\/#primaryimage\",\"inLanguage\":\"en-US\",\"url\":\"https:\/\/www.yagoody.pl\/wp-content\/uploads\/2017\/05\/Yagoody-aronia-blackberry.png\",\"contentUrl\":\"https:\/\/www.yagoody.pl\/wp-content\/uploads\/2017\/05\/Yagoody-aronia-blackberry.png\",\"width\":352,\"height\":552},{\"@type\":\"WebPage\",\"@id\":\"https:\/\/www.yagoody.pl\/en\/shop\/bio-freeze-dried-blackberry-powder-30g\/#webpage\",\"url\":\"https:\/\/www.yagoody.pl\/en\/shop\/bio-freeze-dried-blackberry-powder-30g\/\",\"name\":\"BIO je\\u017cyna liofilizowana 30g - Yagoody - Ekologiczne produkty\",\"isPartOf\":{\"@id\":\"https:\/\/www.yagoody.pl\/#website\"},\"primaryImageOfPage\":{\"@id\":\"https:\/\/www.yagoody.pl\/en\/shop\/bio-freeze-dried-blackberry-powder-30g\/#primaryimage\"},\"datePublished\":\"2017-05-05T10:19:54+00:00\",\"dateModified\":\"2020-05-25T13:34:32+00:00\",\"description\":\"Je\\u017cyna to owoc pe\\u0142en witaminy E. W naszej ofercie znajduje si\\u0119 w wersji BIO jako je\\u017cyna liofilizowana. Zajrzyj do naszego sklepu internetowego i dokonaj zakupu.\",\"breadcrumb\":{\"@id\":\"https:\/\/www.yagoody.pl\/en\/shop\/bio-freeze-dried-blackberry-powder-30g\/#breadcrumb\"},\"inLanguage\":\"en-US\",\"potentialAction\":[{\"@type\":\"ReadAction\",\"target\":[\"https:\/\/www.yagoody.pl\/en\/shop\/bio-freeze-dried-blackberry-powder-30g\/\"]}]},{\"@type\":\"BreadcrumbList\",\"@id\":\"https:\/\/www.yagoody.pl\/en\/shop\/bio-freeze-dried-blackberry-powder-30g\/#breadcrumb\",\"itemListElement\":[{\"@type\":\"ListItem\",\"position\":1,\"name\":\"Strona g\\u0142\\u00f3wna\",\"item\":\"https:\/\/www.yagoody.pl\/en\/\"},{\"@type\":\"ListItem\",\"position\":2,\"name\":\"Sklep\",\"item\":\"https:\/\/www.yagoody.pl\/en\/sklep\/\"},{\"@type\":\"ListItem\",\"position\":3,\"name\":\"Organic freeze dried blackberry powder 30g\"}]}]}<\/script>\n<!-- \/ Yoast SEO plugin. -->","_links":{"self":[{"href":"https:\/\/www.yagoody.pl\/en\/wp-json\/wp\/v2\/product\/5756"}],"collection":[{"href":"https:\/\/www.yagoody.pl\/en\/wp-json\/wp\/v2\/product"}],"about":[{"href":"https:\/\/www.yagoody.pl\/en\/wp-json\/wp\/v2\/types\/product"}],"wp:featuredmedia":[{"embeddable":true,"href":"https:\/\/www.yagoody.pl\/en\/wp-json\/wp\/v2\/media\/5185"}],"wp:attachment":[{"href":"https:\/\/www.yagoody.pl\/en\/wp-json\/wp\/v2\/media?parent=5756"}],"curies":[{"name":"wp","href":"https:\/\/api.w.org\/{rel}","templated":true}]}}