{"id":5754,"date":"2017-05-05T12:23:48","date_gmt":"2017-05-05T10:23:48","guid":{"rendered":"http:\/\/www.yagoody.pl\/Produkt\/ekologiczne-camu-camu-w-proszku-30-g\/"},"modified":"2019-04-01T15:24:58","modified_gmt":"2019-04-01T13:24:58","slug":"ekologiczne-camu-camu-w-proszku-30-g","status":"publish","type":"product","link":"https:\/\/www.yagoody.pl\/en\/shop\/ekologiczne-camu-camu-w-proszku-30-g\/","title":{"rendered":"Ekologiczne camu camu<br>Proszek 30g"},"content":{"rendered":"<div data-vc-full-width=\"true\" data-vc-full-width-init=\"false\" class=\"vc_row wpb_row vc_row-fluid mpc-row\"><div class=\"wpb_column vc_column_container vc_col-sm-12 mpc-column\" data-column-id=\"mpc_column-3069eff503eb708\"><div class=\"vc_column-inner \"><div class=\"wpb_wrapper\">\n\t<div class=\"wpb_text_column wpb_content_element \">\n\t\t<div class=\"wpb_wrapper\">\n\t\t\t<p><strong>Aronia to bogactwo witamin i antyoksydant&oacute;w pomagaj&#261;cych zwalcza&#263; nadmiern&#261; liczb&#281; wolnych rodnik&oacute;w, kt&oacute;re przyczyniaj&#261; si&#281; do powstawania wielu chor&oacute;b, m.in. mia&#380;d&#380;ycy czy nadci&#347;nienia.<\/strong> Wolne rodniki to tak&#380;e jedna z przyczyn starzenia si&#281; sk&oacute;ry. Zafunduj sobie dawk&#281; zdrowia i zwalcz wolne rodniki z produktami&nbsp;Yagoody. Aronia &#347;wietnie wp&#322;ywa tak&#380;e na regeneracj&#281; oczu, dlatego jest zalecana dla os&oacute;b pracuj&#261;cych przed komputerem.<\/p>\n<p>Do produkcji u&#380;yte zosta&#322;y wy&#322;&#261;cznie ekologiczne owoce pochodz&#261;cej z naszej rodzinnej plantacji.<\/p>\n\n\t\t<\/div>\n\t<\/div>\n<\/div><\/div><\/div><\/div><div class=\"vc_row-full-width vc_clearfix\"><\/div>\n","protected":false},"excerpt":{"rendered":"<p><strong>Camu Camu to owoc pochodz\u0105cy z Ameryki Po\u0142udniowej i dojrzewaj\u0105cy w pe\u0142nym s\u0142o\u0144cu<\/strong>. Sw\u00f3j kwa\u015bny smak rekompensuje nam ogromn\u0105 dawk\u0105 witaminy C \u2013 zawiera ponad 50 razy wi\u0119cej witaminy C ni\u017c cytryny. Camu Camu to silny przeciwutleniacz, kt\u00f3ry op\u00f3\u017ania proces starzenia si\u0119 sk\u00f3ry oraz zwalcza wolne rodniki. Witamina C ma tak\u017ce w\u0142a\u015bciwo\u015bci antydepresyjne, osoby cierpi\u0105ce na jej niedob\u00f3r cz\u0119sto czuj\u0105 si\u0119 przygn\u0119bione i apatyczne.<br \/>\nDodawaj \u0142y\u017ceczk\u0119 Proszku Yagoody Camu Camu do swojego shake\u2019a, owsianki, jogurtu, lod\u00f3w czy herbaty i wspomagaj swoje zdrowie.<\/p>\n<p><strong>Sk\u0142ad:<\/strong> ekologiczne camu camu 100%<\/p>\n","protected":false},"featured_media":5193,"template":"","meta":[],"yoast_head":"<!-- This site is optimized with the Yoast SEO plugin v16.5 - https:\/\/yoast.com\/wordpress\/plugins\/seo\/ -->\n<title>Ekologiczne camu camu \u2013 proszek 30g - Yagoody - Ekologiczne produkty<\/title>\n<meta name=\"description\" content=\"Nasza oferta obejmuje r\u00f3\u017cne owoce liofilizowane, nie tylko aroni\u0119. W\u015br\u00f3d nich jest camu-camu. Je\u015bli potrzebujecie takiego produktu to serdecznie zapraszamy do zakup\u00f3w w naszym sklepie internetowym.\" \/>\n<meta name=\"robots\" content=\"index, follow, max-snippet:-1, max-image-preview:large, max-video-preview:-1\" \/>\n<link rel=\"canonical\" href=\"https:\/\/www.yagoody.pl\/en\/shop\/ekologiczne-camu-camu-w-proszku-30-g\/\" \/>\n<meta property=\"og:locale\" content=\"en_US\" \/>\n<meta property=\"og:type\" content=\"article\" \/>\n<meta property=\"og:title\" content=\"Ekologiczne camu camu \u2013 proszek 30g - Yagoody - Ekologiczne produkty\" \/>\n<meta property=\"og:description\" content=\"Nasza oferta obejmuje r\u00f3\u017cne owoce liofilizowane, nie tylko aroni\u0119. W\u015br\u00f3d nich jest camu-camu. Je\u015bli potrzebujecie takiego produktu to serdecznie zapraszamy do zakup\u00f3w w naszym sklepie internetowym.\" \/>\n<meta property=\"og:url\" content=\"https:\/\/www.yagoody.pl\/en\/shop\/ekologiczne-camu-camu-w-proszku-30-g\/\" \/>\n<meta property=\"og:site_name\" content=\"Yagoody - Ekologiczne produkty\" \/>\n<meta property=\"article:modified_time\" content=\"2019-04-01T13:24:58+00:00\" \/>\n<meta property=\"og:image\" content=\"https:\/\/www.yagoody.pl\/wp-content\/uploads\/2017\/05\/Yagoody-aronia-camu.png\" \/>\n\t<meta property=\"og:image:width\" content=\"352\" \/>\n\t<meta property=\"og:image:height\" content=\"552\" \/>\n<meta name=\"twitter:card\" content=\"summary_large_image\" \/>\n<meta name=\"twitter:label1\" content=\"Est. reading time\" \/>\n\t<meta name=\"twitter:data1\" content=\"1 minute\" \/>\n<script type=\"application\/ld+json\" class=\"yoast-schema-graph\">{\"@context\":\"https:\/\/schema.org\",\"@graph\":[{\"@type\":\"WebSite\",\"@id\":\"https:\/\/www.yagoody.pl\/#website\",\"url\":\"https:\/\/www.yagoody.pl\/\",\"name\":\"Yagoody - Ekologiczne produkty\",\"description\":\"Nasze produkty to bogactwo antyoksydant\\u00f3w oraz witamin, kt\\u00f3re s\\u0105 niezb\\u0119dnym elementem diety i naturalnym sposobem na wspomaganie zdrowia, urody oraz samopoczucia.\",\"potentialAction\":[{\"@type\":\"SearchAction\",\"target\":\"https:\/\/www.yagoody.pl\/?s={search_term_string}\",\"query-input\":\"required name=search_term_string\"}],\"inLanguage\":\"en-US\"},{\"@type\":\"ImageObject\",\"@id\":\"https:\/\/www.yagoody.pl\/en\/shop\/ekologiczne-camu-camu-w-proszku-30-g\/#primaryimage\",\"inLanguage\":\"en-US\",\"url\":\"https:\/\/www.yagoody.pl\/wp-content\/uploads\/2017\/05\/Yagoody-aronia-camu.png\",\"contentUrl\":\"https:\/\/www.yagoody.pl\/wp-content\/uploads\/2017\/05\/Yagoody-aronia-camu.png\",\"width\":352,\"height\":552},{\"@type\":\"WebPage\",\"@id\":\"https:\/\/www.yagoody.pl\/en\/shop\/ekologiczne-camu-camu-w-proszku-30-g\/#webpage\",\"url\":\"https:\/\/www.yagoody.pl\/en\/shop\/ekologiczne-camu-camu-w-proszku-30-g\/\",\"name\":\"Ekologiczne camu camu \\u2013 proszek 30g - Yagoody - Ekologiczne produkty\",\"isPartOf\":{\"@id\":\"https:\/\/www.yagoody.pl\/#website\"},\"primaryImageOfPage\":{\"@id\":\"https:\/\/www.yagoody.pl\/en\/shop\/ekologiczne-camu-camu-w-proszku-30-g\/#primaryimage\"},\"datePublished\":\"2017-05-05T10:23:48+00:00\",\"dateModified\":\"2019-04-01T13:24:58+00:00\",\"description\":\"Nasza oferta obejmuje r\\u00f3\\u017cne owoce liofilizowane, nie tylko aroni\\u0119. W\\u015br\\u00f3d nich jest camu-camu. Je\\u015bli potrzebujecie takiego produktu to serdecznie zapraszamy do zakup\\u00f3w w naszym sklepie internetowym.\",\"breadcrumb\":{\"@id\":\"https:\/\/www.yagoody.pl\/en\/shop\/ekologiczne-camu-camu-w-proszku-30-g\/#breadcrumb\"},\"inLanguage\":\"en-US\",\"potentialAction\":[{\"@type\":\"ReadAction\",\"target\":[\"https:\/\/www.yagoody.pl\/en\/shop\/ekologiczne-camu-camu-w-proszku-30-g\/\"]}]},{\"@type\":\"BreadcrumbList\",\"@id\":\"https:\/\/www.yagoody.pl\/en\/shop\/ekologiczne-camu-camu-w-proszku-30-g\/#breadcrumb\",\"itemListElement\":[{\"@type\":\"ListItem\",\"position\":1,\"name\":\"Strona g\\u0142\\u00f3wna\",\"item\":\"https:\/\/www.yagoody.pl\/en\/\"},{\"@type\":\"ListItem\",\"position\":2,\"name\":\"Sklep\",\"item\":\"https:\/\/www.yagoody.pl\/en\/sklep\/\"},{\"@type\":\"ListItem\",\"position\":3,\"name\":\"Ekologiczne camu camuProszek 30g\"}]}]}<\/script>\n<!-- \/ Yoast SEO plugin. -->","_links":{"self":[{"href":"https:\/\/www.yagoody.pl\/en\/wp-json\/wp\/v2\/product\/5754"}],"collection":[{"href":"https:\/\/www.yagoody.pl\/en\/wp-json\/wp\/v2\/product"}],"about":[{"href":"https:\/\/www.yagoody.pl\/en\/wp-json\/wp\/v2\/types\/product"}],"wp:featuredmedia":[{"embeddable":true,"href":"https:\/\/www.yagoody.pl\/en\/wp-json\/wp\/v2\/media\/5193"}],"wp:attachment":[{"href":"https:\/\/www.yagoody.pl\/en\/wp-json\/wp\/v2\/media?parent=5754"}],"curies":[{"name":"wp","href":"https:\/\/api.w.org\/{rel}","templated":true}]}}