{"id":5753,"date":"2017-05-05T12:23:52","date_gmt":"2017-05-05T10:23:52","guid":{"rendered":"http:\/\/www.yagoody.pl\/Produkt\/ekologiczny-hibiskus-w-proszku-30-g\/"},"modified":"2021-09-09T10:30:10","modified_gmt":"2021-09-09T08:30:10","slug":"bio-freeze-dried-hibiscus-powder-30-g","status":"publish","type":"product","link":"https:\/\/www.yagoody.pl\/en\/shop\/bio-freeze-dried-hibiscus-powder-30-g\/","title":{"rendered":"Organic hibiscus <br> powder <br> 30 g"},"content":{"rendered":"<p><strong>How to use the product:<\/strong> it is enough to pour 0,5 teaspoon with warm or cold water. Hibiscus can be added also to tea, yoghurt, porridge.<\/p>\n<p>It is also great ingredient for cleansing mask for face. You need to mix 1 tablespoon of hibiscus and rice flour with boiled water.<\/p>\n<p><strong>Storage method:<\/strong> in a dry and cool place, tightly closed.<\/p>\n<p><strong>Net weight:<\/strong> 30 g<\/p>\n<table width=\"357\">\n<tbody>\n<tr>\n<td width=\"281\">Nutrition facts \/ 100 g:<\/td>\n<td width=\"76\"><\/td>\n<\/tr>\n<tr>\n<td width=\"281\">Energy<\/td>\n<td width=\"76\">391 kJ \/ 92 kcal<\/td>\n<\/tr>\n<tr>\n<td width=\"281\">Fat<\/td>\n<td width=\"76\">0 g<\/td>\n<\/tr>\n<tr>\n<td width=\"281\">of which saturates<\/td>\n<td width=\"76\">0 g<\/td>\n<\/tr>\n<tr>\n<td width=\"281\">Carbohydrates<\/td>\n<td width=\"76\">23 g<\/td>\n<\/tr>\n<tr>\n<td width=\"281\">of which sugars<\/td>\n<td width=\"76\">21 g<\/td>\n<\/tr>\n<tr>\n<td width=\"281\">Fibre<\/td>\n<td width=\"76\">0 g<\/td>\n<\/tr>\n<tr>\n<td width=\"281\">Protein<\/td>\n<td width=\"76\">0 g<\/td>\n<\/tr>\n<tr>\n<td width=\"281\">Salt<\/td>\n<td width=\"76\">0,02 g<\/td>\n<\/tr>\n<\/tbody>\n<\/table>\n","protected":false},"excerpt":{"rendered":"<p><strong>Hibiscus is rich in vitamin C and other antioxidants. <\/strong>Hibiscus contributes to lowering blood pressure, which is why it is recommended for people suffering from hypertension. It also lowers the level of bad cholesterol in the blood and strengthens the walls of blood vessels. <strong>Also called &#8220;a woman ally&#8221;.<\/strong><\/p>\n<p><strong>Ingredients:<\/strong>\u00a0organic hibiscus flower 100%<\/p>\n<p><strong>For whom hibiscus in powder?<\/strong><\/p>\n<ul>\n<li>for children and adults<\/li>\n<li>for people with skin dicoloration<\/li>\n<li>for those who are strengthening their immunity<\/li>\n<li>for people with dry hair<\/li>\n<li>for people with hypertension<\/li>\n<li>for those who has high level of cholesterol<\/li>\n<li>for people on detox<\/li>\n<\/ul>\n","protected":false},"featured_media":5201,"template":"","meta":[],"yoast_head":"<!-- This site is optimized with the Yoast SEO plugin v16.5 - https:\/\/yoast.com\/wordpress\/plugins\/seo\/ -->\n<title>Hibiskus liofilizowany proszek 30g \u2013 sklep internetowy, online Yagoody<\/title>\n<meta name=\"description\" content=\"Yagoody.pl oferuj\u0105 swoim Klientom r\u00f3\u017cne, ekologiczne proszki w tym proszek z hibiskusa. Je\u015bli potrzebujecie takiego produktu to serdecznie zapraszamy do zakup\u00f3w w naszym sklepie internetowym.\" \/>\n<meta name=\"robots\" content=\"index, follow, max-snippet:-1, max-image-preview:large, max-video-preview:-1\" \/>\n<link rel=\"canonical\" href=\"https:\/\/www.yagoody.pl\/en\/shop\/bio-freeze-dried-hibiscus-powder-30-g\/\" \/>\n<meta property=\"og:locale\" content=\"en_US\" \/>\n<meta property=\"og:type\" content=\"article\" \/>\n<meta property=\"og:title\" content=\"Hibiskus liofilizowany proszek 30g \u2013 sklep internetowy, online Yagoody\" \/>\n<meta property=\"og:description\" content=\"Yagoody.pl oferuj\u0105 swoim Klientom r\u00f3\u017cne, ekologiczne proszki w tym proszek z hibiskusa. Je\u015bli potrzebujecie takiego produktu to serdecznie zapraszamy do zakup\u00f3w w naszym sklepie internetowym.\" \/>\n<meta property=\"og:url\" content=\"https:\/\/www.yagoody.pl\/en\/shop\/bio-freeze-dried-hibiscus-powder-30-g\/\" \/>\n<meta property=\"og:site_name\" content=\"Yagoody - Ekologiczne produkty\" \/>\n<meta property=\"article:modified_time\" content=\"2021-09-09T08:30:10+00:00\" \/>\n<meta property=\"og:image\" content=\"https:\/\/www.yagoody.pl\/wp-content\/uploads\/2017\/05\/Yagoody-aronia-hibiscus.png\" \/>\n\t<meta property=\"og:image:width\" content=\"352\" \/>\n\t<meta property=\"og:image:height\" content=\"552\" \/>\n<meta name=\"twitter:card\" content=\"summary_large_image\" \/>\n<script type=\"application\/ld+json\" class=\"yoast-schema-graph\">{\"@context\":\"https:\/\/schema.org\",\"@graph\":[{\"@type\":\"WebSite\",\"@id\":\"https:\/\/www.yagoody.pl\/#website\",\"url\":\"https:\/\/www.yagoody.pl\/\",\"name\":\"Yagoody - Ekologiczne produkty\",\"description\":\"Nasze produkty to bogactwo antyoksydant\\u00f3w oraz witamin, kt\\u00f3re s\\u0105 niezb\\u0119dnym elementem diety i naturalnym sposobem na wspomaganie zdrowia, urody oraz samopoczucia.\",\"potentialAction\":[{\"@type\":\"SearchAction\",\"target\":\"https:\/\/www.yagoody.pl\/?s={search_term_string}\",\"query-input\":\"required name=search_term_string\"}],\"inLanguage\":\"en-US\"},{\"@type\":\"ImageObject\",\"@id\":\"https:\/\/www.yagoody.pl\/en\/shop\/bio-freeze-dried-hibiscus-powder-30-g\/#primaryimage\",\"inLanguage\":\"en-US\",\"url\":\"https:\/\/www.yagoody.pl\/wp-content\/uploads\/2017\/05\/Yagoody-aronia-hibiscus.png\",\"contentUrl\":\"https:\/\/www.yagoody.pl\/wp-content\/uploads\/2017\/05\/Yagoody-aronia-hibiscus.png\",\"width\":352,\"height\":552},{\"@type\":\"WebPage\",\"@id\":\"https:\/\/www.yagoody.pl\/en\/shop\/bio-freeze-dried-hibiscus-powder-30-g\/#webpage\",\"url\":\"https:\/\/www.yagoody.pl\/en\/shop\/bio-freeze-dried-hibiscus-powder-30-g\/\",\"name\":\"Hibiskus liofilizowany proszek 30g \\u2013 sklep internetowy, online Yagoody\",\"isPartOf\":{\"@id\":\"https:\/\/www.yagoody.pl\/#website\"},\"primaryImageOfPage\":{\"@id\":\"https:\/\/www.yagoody.pl\/en\/shop\/bio-freeze-dried-hibiscus-powder-30-g\/#primaryimage\"},\"datePublished\":\"2017-05-05T10:23:52+00:00\",\"dateModified\":\"2021-09-09T08:30:10+00:00\",\"description\":\"Yagoody.pl oferuj\\u0105 swoim Klientom r\\u00f3\\u017cne, ekologiczne proszki w tym proszek z hibiskusa. Je\\u015bli potrzebujecie takiego produktu to serdecznie zapraszamy do zakup\\u00f3w w naszym sklepie internetowym.\",\"breadcrumb\":{\"@id\":\"https:\/\/www.yagoody.pl\/en\/shop\/bio-freeze-dried-hibiscus-powder-30-g\/#breadcrumb\"},\"inLanguage\":\"en-US\",\"potentialAction\":[{\"@type\":\"ReadAction\",\"target\":[\"https:\/\/www.yagoody.pl\/en\/shop\/bio-freeze-dried-hibiscus-powder-30-g\/\"]}]},{\"@type\":\"BreadcrumbList\",\"@id\":\"https:\/\/www.yagoody.pl\/en\/shop\/bio-freeze-dried-hibiscus-powder-30-g\/#breadcrumb\",\"itemListElement\":[{\"@type\":\"ListItem\",\"position\":1,\"name\":\"Strona g\\u0142\\u00f3wna\",\"item\":\"https:\/\/www.yagoody.pl\/en\/\"},{\"@type\":\"ListItem\",\"position\":2,\"name\":\"Sklep\",\"item\":\"https:\/\/www.yagoody.pl\/en\/sklep\/\"},{\"@type\":\"ListItem\",\"position\":3,\"name\":\"Organic hibiscus powder 30 g\"}]}]}<\/script>\n<!-- \/ Yoast SEO plugin. -->","_links":{"self":[{"href":"https:\/\/www.yagoody.pl\/en\/wp-json\/wp\/v2\/product\/5753"}],"collection":[{"href":"https:\/\/www.yagoody.pl\/en\/wp-json\/wp\/v2\/product"}],"about":[{"href":"https:\/\/www.yagoody.pl\/en\/wp-json\/wp\/v2\/types\/product"}],"wp:featuredmedia":[{"embeddable":true,"href":"https:\/\/www.yagoody.pl\/en\/wp-json\/wp\/v2\/media\/5201"}],"wp:attachment":[{"href":"https:\/\/www.yagoody.pl\/en\/wp-json\/wp\/v2\/media?parent=5753"}],"curies":[{"name":"wp","href":"https:\/\/api.w.org\/{rel}","templated":true}]}}