{"id":5750,"date":"2017-05-11T16:18:16","date_gmt":"2017-05-11T14:18:16","guid":{"rendered":"http:\/\/www.yagoody.pl\/Produkt\/ekologiczne-suszone-owoce-aronii-100-g\/"},"modified":"2021-09-09T10:29:36","modified_gmt":"2021-09-09T08:29:36","slug":"bio-dried-aronia-berries-100g","status":"publish","type":"product","link":"https:\/\/www.yagoody.pl\/en\/shop\/bio-dried-aronia-berries-100g\/","title":{"rendered":"Organic dried <br> aronia berries <br> 100g"},"content":{"rendered":"<p><strong>How to use the product:<\/strong> an excellent snack, which can be eaten directly from the package. It is healthy addition for salads, meats and for desserts.<\/p>\n<p><strong>Storage method:<\/strong> in a dry and cool place, tightly closed.<\/p>\n<p><strong>Net weight:<\/strong> 100 g<\/p>\n<p>POLISH PRODUCT<\/p>\n<table width=\"357\">\n<tbody>\n<tr>\n<td width=\"281\">Nutrition facts\u00a0\/ 100 g:<\/td>\n<td width=\"76\"><\/td>\n<\/tr>\n<tr>\n<td width=\"281\">Energy<\/td>\n<td width=\"76\">1109 kJ \/ 265 kcal<\/td>\n<\/tr>\n<tr>\n<td width=\"281\">Fat<\/td>\n<td width=\"76\">1,5 g<\/td>\n<\/tr>\n<tr>\n<td width=\"281\">of which sugars<\/td>\n<td width=\"76\">0,32 g<\/td>\n<\/tr>\n<tr>\n<td width=\"281\">Carbohydrates<\/td>\n<td width=\"76\">60 g<\/td>\n<\/tr>\n<tr>\n<td width=\"281\">of which sugars<\/td>\n<td width=\"76\">28 g<\/td>\n<\/tr>\n<tr>\n<td width=\"281\">Fibre<\/td>\n<td width=\"76\">10 g<\/td>\n<\/tr>\n<tr>\n<td width=\"281\">Protein<\/td>\n<td width=\"76\">2,5 g<\/td>\n<\/tr>\n<tr>\n<td width=\"281\">Salt<\/td>\n<td width=\"76\">&lt;0,1 g<\/td>\n<\/tr>\n<\/tbody>\n<\/table>\n<p><strong>Aronia is a great source of vitamins and antioxidants. That is why, it helps to fight the excessive number of free radicals which can contribute to the development of many diseases, such as atherosclerosis or hypertension.<\/strong> Moreover, free radicals can also cause skin aging. Take a dose of health and fight free radicals with Yagoody aronia products. Aronia is also great for eye regeneration, which is why it is recommended for people working in front of a computer.<\/p>\n","protected":false},"excerpt":{"rendered":"<p>Berries, including aronia and their bioactive ingredients, can be really helpful <strong>in maintaing the proper blood glucose level and in preventing diabets-related complications<\/strong>. Antioxidants help <strong>lighten skin discolorations and protect it from harmful UV rays.<\/strong>\u00a0 Thanks to the gentle drying method, the berries retain their original aronia flavor, softness and great nutritive values.<\/p>\n<p><strong>Ingredients:<\/strong> organic dried aronia fruits 100%<\/p>\n<p><strong>For whom dried aronia?<\/strong><\/p>\n<ul>\n<li>for children and adults<\/li>\n<li>for diabetics<\/li>\n<li>for people with hypertension and atherosclerosis<\/li>\n<li>for people with pancreas and liver problems<\/li>\n<\/ul>\n","protected":false},"featured_media":6455,"template":"","meta":[],"yoast_head":"<!-- This site is optimized with the Yoast SEO plugin v16.5 - https:\/\/yoast.com\/wordpress\/plugins\/seo\/ -->\n<title>BIO aronia suszona 100g \u2013 sklep internetowy, online Yagoody.pl<\/title>\n<meta name=\"description\" content=\"W naszym sklepie internetowym mo\u017cesz zakupi\u0107 suszone owoce aronii, kt\u00f3re s\u0105 idealnym dodatkiem do przer\u00f3\u017cnych ciast, babeczek. Serdecznie zapraszam do zakupu!\" \/>\n<meta name=\"robots\" content=\"index, follow, max-snippet:-1, max-image-preview:large, max-video-preview:-1\" \/>\n<link rel=\"canonical\" href=\"https:\/\/www.yagoody.pl\/en\/shop\/bio-dried-aronia-berries-100g\/\" \/>\n<meta property=\"og:locale\" content=\"en_US\" \/>\n<meta property=\"og:type\" content=\"article\" \/>\n<meta property=\"og:title\" content=\"BIO aronia suszona 100g \u2013 sklep internetowy, online Yagoody.pl\" \/>\n<meta property=\"og:description\" content=\"W naszym sklepie internetowym mo\u017cesz zakupi\u0107 suszone owoce aronii, kt\u00f3re s\u0105 idealnym dodatkiem do przer\u00f3\u017cnych ciast, babeczek. Serdecznie zapraszam do zakupu!\" \/>\n<meta property=\"og:url\" content=\"https:\/\/www.yagoody.pl\/en\/shop\/bio-dried-aronia-berries-100g\/\" \/>\n<meta property=\"og:site_name\" content=\"Yagoody - Ekologiczne produkty\" \/>\n<meta property=\"article:modified_time\" content=\"2021-09-09T08:29:36+00:00\" \/>\n<meta property=\"og:image\" content=\"https:\/\/www.yagoody.pl\/wp-content\/uploads\/2017\/05\/sronia-suszona-doy.jpg\" \/>\n\t<meta property=\"og:image:width\" content=\"352\" \/>\n\t<meta property=\"og:image:height\" content=\"552\" \/>\n<meta name=\"twitter:card\" content=\"summary_large_image\" \/>\n<meta name=\"twitter:label1\" content=\"Est. reading time\" \/>\n\t<meta name=\"twitter:data1\" content=\"1 minute\" \/>\n<script type=\"application\/ld+json\" class=\"yoast-schema-graph\">{\"@context\":\"https:\/\/schema.org\",\"@graph\":[{\"@type\":\"WebSite\",\"@id\":\"https:\/\/www.yagoody.pl\/#website\",\"url\":\"https:\/\/www.yagoody.pl\/\",\"name\":\"Yagoody - Ekologiczne produkty\",\"description\":\"Nasze produkty to bogactwo antyoksydant\\u00f3w oraz witamin, kt\\u00f3re s\\u0105 niezb\\u0119dnym elementem diety i naturalnym sposobem na wspomaganie zdrowia, urody oraz samopoczucia.\",\"potentialAction\":[{\"@type\":\"SearchAction\",\"target\":\"https:\/\/www.yagoody.pl\/?s={search_term_string}\",\"query-input\":\"required name=search_term_string\"}],\"inLanguage\":\"en-US\"},{\"@type\":\"ImageObject\",\"@id\":\"https:\/\/www.yagoody.pl\/en\/shop\/bio-dried-aronia-berries-100g\/#primaryimage\",\"inLanguage\":\"en-US\",\"url\":\"https:\/\/www.yagoody.pl\/wp-content\/uploads\/2017\/05\/sronia-suszona-doy.jpg\",\"contentUrl\":\"https:\/\/www.yagoody.pl\/wp-content\/uploads\/2017\/05\/sronia-suszona-doy.jpg\",\"width\":352,\"height\":552},{\"@type\":\"WebPage\",\"@id\":\"https:\/\/www.yagoody.pl\/en\/shop\/bio-dried-aronia-berries-100g\/#webpage\",\"url\":\"https:\/\/www.yagoody.pl\/en\/shop\/bio-dried-aronia-berries-100g\/\",\"name\":\"BIO aronia suszona 100g \\u2013 sklep internetowy, online Yagoody.pl\",\"isPartOf\":{\"@id\":\"https:\/\/www.yagoody.pl\/#website\"},\"primaryImageOfPage\":{\"@id\":\"https:\/\/www.yagoody.pl\/en\/shop\/bio-dried-aronia-berries-100g\/#primaryimage\"},\"datePublished\":\"2017-05-11T14:18:16+00:00\",\"dateModified\":\"2021-09-09T08:29:36+00:00\",\"description\":\"W naszym sklepie internetowym mo\\u017cesz zakupi\\u0107 suszone owoce aronii, kt\\u00f3re s\\u0105 idealnym dodatkiem do przer\\u00f3\\u017cnych ciast, babeczek. Serdecznie zapraszam do zakupu!\",\"breadcrumb\":{\"@id\":\"https:\/\/www.yagoody.pl\/en\/shop\/bio-dried-aronia-berries-100g\/#breadcrumb\"},\"inLanguage\":\"en-US\",\"potentialAction\":[{\"@type\":\"ReadAction\",\"target\":[\"https:\/\/www.yagoody.pl\/en\/shop\/bio-dried-aronia-berries-100g\/\"]}]},{\"@type\":\"BreadcrumbList\",\"@id\":\"https:\/\/www.yagoody.pl\/en\/shop\/bio-dried-aronia-berries-100g\/#breadcrumb\",\"itemListElement\":[{\"@type\":\"ListItem\",\"position\":1,\"name\":\"Strona g\\u0142\\u00f3wna\",\"item\":\"https:\/\/www.yagoody.pl\/en\/\"},{\"@type\":\"ListItem\",\"position\":2,\"name\":\"Sklep\",\"item\":\"https:\/\/www.yagoody.pl\/en\/sklep\/\"},{\"@type\":\"ListItem\",\"position\":3,\"name\":\"Organic dried aronia berries 100g\"}]}]}<\/script>\n<!-- \/ Yoast SEO plugin. -->","_links":{"self":[{"href":"https:\/\/www.yagoody.pl\/en\/wp-json\/wp\/v2\/product\/5750"}],"collection":[{"href":"https:\/\/www.yagoody.pl\/en\/wp-json\/wp\/v2\/product"}],"about":[{"href":"https:\/\/www.yagoody.pl\/en\/wp-json\/wp\/v2\/types\/product"}],"wp:featuredmedia":[{"embeddable":true,"href":"https:\/\/www.yagoody.pl\/en\/wp-json\/wp\/v2\/media\/6455"}],"wp:attachment":[{"href":"https:\/\/www.yagoody.pl\/en\/wp-json\/wp\/v2\/media?parent=5750"}],"curies":[{"name":"wp","href":"https:\/\/api.w.org\/{rel}","templated":true}]}}