{"id":5749,"date":"2017-05-11T16:19:05","date_gmt":"2017-05-11T14:19:05","guid":{"rendered":"http:\/\/www.yagoody.pl\/Produkt\/ekologiczny-blonnik-aroniowy-150-g\/"},"modified":"2021-09-09T10:28:53","modified_gmt":"2021-09-09T08:28:53","slug":"organic-aronia-fibre-150-g","status":"publish","type":"product","link":"https:\/\/www.yagoody.pl\/en\/shop\/organic-aronia-fibre-150-g\/","title":{"rendered":"Organic aronia <br> fibre <br> 110 g"},"content":{"rendered":"<p><strong>How to use the product:<\/strong> you should start taking from 2 teaspoons a day and gradually increase the dose according to the needs of your body. <strong>Do not exceed a daily dose 20 g!<\/strong><\/p>\n<p><strong>Do not eat dry. <\/strong>Add fiber to juice, water, smoothie with fruits or to porridge.<\/p>\n<p><strong>Storage method:<\/strong> in a dry and cool place, tightly closed.<\/p>\n<p><strong>Net weight:<\/strong> 110 g<\/p>\n<p>POLISH PRODUCT<\/p>\n<table width=\"357\">\n<tbody>\n<tr>\n<td width=\"281\">Nutrition facts \/ 100 g:<\/td>\n<td width=\"76\"><\/td>\n<\/tr>\n<tr>\n<td width=\"281\">Energy<\/td>\n<td width=\"76\">1045 kJ \/ 250 kcal<\/td>\n<\/tr>\n<tr>\n<td width=\"281\">Fat<\/td>\n<td width=\"76\">3,61 g<\/td>\n<\/tr>\n<tr>\n<td width=\"281\">of which saturates<\/td>\n<td width=\"76\">0,28 g<\/td>\n<\/tr>\n<tr>\n<td width=\"281\">Carbohydrates<\/td>\n<td width=\"76\">13,61 g<\/td>\n<\/tr>\n<tr>\n<td width=\"281\">of which sugars<\/td>\n<td width=\"76\">1,11 g<\/td>\n<\/tr>\n<tr>\n<td width=\"281\">Fibre<\/td>\n<td width=\"76\">70,00 g<\/td>\n<\/tr>\n<tr>\n<td width=\"281\">Protein<\/td>\n<td width=\"76\">6,94 g<\/td>\n<\/tr>\n<tr>\n<td width=\"281\">Salt<\/td>\n<td width=\"76\">0,10 g<\/td>\n<\/tr>\n<\/tbody>\n<\/table>\n<p><strong>Aronia juice is a great source of vitamins and antioxidants. That is why, it helps to fight the excessive number of free radicals which can contribute to the development of many diseases, such as atherosclerosis or hypertension. <\/strong> Moreover, free radicals can also cause skin aging. Take a dose of health and fight free radicals with Yagoody aronia juice. Aronia is also great for eye regeneration, which is why it is recommended for people working in front of a computer.<\/p>\n","protected":false},"excerpt":{"rendered":"<p><strong>Micronized aronia fibre is a natural dietary supplement improving the work of the stomach and intestines. <\/strong> After consumption, fiber absorbs water and increases its volume, which gives a feeling of fullness and thus facilitates the slimming process. Thanks to micronization, the particles gain a larger active surface, which allows them to be absorbed more easily.<\/p>\n<p><strong>Ingredients:<\/strong> organic micronized aronia fiber 100%<\/p>\n<p><strong>For whom aronia fibre?<\/strong><\/p>\n<ul>\n<li>for people on a diet<\/li>\n<li>for those who want to maintain a healthy body weight<\/li>\n<li>for people with constipations<\/li>\n<li>for people who want to clean their organism<\/li>\n<\/ul>\n","protected":false},"featured_media":7951,"template":"","meta":[],"yoast_head":"<!-- This site is optimized with the Yoast SEO plugin v16.5 - https:\/\/yoast.com\/wordpress\/plugins\/seo\/ -->\n<title>BIO b\u0142onnik aroniowy 150 g - sklep internetowy, online Yagoody.pl<\/title>\n<meta name=\"description\" content=\"Aronia to bogactwo witamin i antyoksydant\u00f3w, czyli samo zdrowie. W naszej ofercie znajduje si\u0119 BIO b\u0142onnik aroniowy. Serdecznie zapraszamy do zakup\u00f3w u nas.\" \/>\n<meta name=\"robots\" content=\"index, follow, max-snippet:-1, max-image-preview:large, max-video-preview:-1\" \/>\n<link rel=\"canonical\" href=\"https:\/\/www.yagoody.pl\/en\/shop\/organic-aronia-fibre-150-g\/\" \/>\n<meta property=\"og:locale\" content=\"en_US\" \/>\n<meta property=\"og:type\" content=\"article\" \/>\n<meta property=\"og:title\" content=\"BIO b\u0142onnik aroniowy 150 g - sklep internetowy, online Yagoody.pl\" \/>\n<meta property=\"og:description\" content=\"Aronia to bogactwo witamin i antyoksydant\u00f3w, czyli samo zdrowie. W naszej ofercie znajduje si\u0119 BIO b\u0142onnik aroniowy. Serdecznie zapraszamy do zakup\u00f3w u nas.\" \/>\n<meta property=\"og:url\" content=\"https:\/\/www.yagoody.pl\/en\/shop\/organic-aronia-fibre-150-g\/\" \/>\n<meta property=\"og:site_name\" content=\"Yagoody - Ekologiczne produkty\" \/>\n<meta property=\"article:modified_time\" content=\"2021-09-09T08:28:53+00:00\" \/>\n<meta property=\"og:image\" content=\"https:\/\/www.yagoody.pl\/wp-content\/uploads\/2017\/05\/b\u0142onnik-aroniowy-Yagoody.jpg\" \/>\n\t<meta property=\"og:image:width\" content=\"500\" \/>\n\t<meta property=\"og:image:height\" content=\"784\" \/>\n<meta name=\"twitter:card\" content=\"summary_large_image\" \/>\n<meta name=\"twitter:label1\" content=\"Est. reading time\" \/>\n\t<meta name=\"twitter:data1\" content=\"1 minute\" \/>\n<script type=\"application\/ld+json\" class=\"yoast-schema-graph\">{\"@context\":\"https:\/\/schema.org\",\"@graph\":[{\"@type\":\"WebSite\",\"@id\":\"https:\/\/www.yagoody.pl\/#website\",\"url\":\"https:\/\/www.yagoody.pl\/\",\"name\":\"Yagoody - Ekologiczne produkty\",\"description\":\"Nasze produkty to bogactwo antyoksydant\\u00f3w oraz witamin, kt\\u00f3re s\\u0105 niezb\\u0119dnym elementem diety i naturalnym sposobem na wspomaganie zdrowia, urody oraz samopoczucia.\",\"potentialAction\":[{\"@type\":\"SearchAction\",\"target\":\"https:\/\/www.yagoody.pl\/?s={search_term_string}\",\"query-input\":\"required name=search_term_string\"}],\"inLanguage\":\"en-US\"},{\"@type\":\"ImageObject\",\"@id\":\"https:\/\/www.yagoody.pl\/en\/shop\/organic-aronia-fibre-150-g\/#primaryimage\",\"inLanguage\":\"en-US\",\"url\":\"https:\/\/www.yagoody.pl\/wp-content\/uploads\/2017\/05\/b\\u0142onnik-aroniowy-Yagoody.jpg\",\"contentUrl\":\"https:\/\/www.yagoody.pl\/wp-content\/uploads\/2017\/05\/b\\u0142onnik-aroniowy-Yagoody.jpg\",\"width\":500,\"height\":784},{\"@type\":\"WebPage\",\"@id\":\"https:\/\/www.yagoody.pl\/en\/shop\/organic-aronia-fibre-150-g\/#webpage\",\"url\":\"https:\/\/www.yagoody.pl\/en\/shop\/organic-aronia-fibre-150-g\/\",\"name\":\"BIO b\\u0142onnik aroniowy 150 g - sklep internetowy, online Yagoody.pl\",\"isPartOf\":{\"@id\":\"https:\/\/www.yagoody.pl\/#website\"},\"primaryImageOfPage\":{\"@id\":\"https:\/\/www.yagoody.pl\/en\/shop\/organic-aronia-fibre-150-g\/#primaryimage\"},\"datePublished\":\"2017-05-11T14:19:05+00:00\",\"dateModified\":\"2021-09-09T08:28:53+00:00\",\"description\":\"Aronia to bogactwo witamin i antyoksydant\\u00f3w, czyli samo zdrowie. W naszej ofercie znajduje si\\u0119 BIO b\\u0142onnik aroniowy. Serdecznie zapraszamy do zakup\\u00f3w u nas.\",\"breadcrumb\":{\"@id\":\"https:\/\/www.yagoody.pl\/en\/shop\/organic-aronia-fibre-150-g\/#breadcrumb\"},\"inLanguage\":\"en-US\",\"potentialAction\":[{\"@type\":\"ReadAction\",\"target\":[\"https:\/\/www.yagoody.pl\/en\/shop\/organic-aronia-fibre-150-g\/\"]}]},{\"@type\":\"BreadcrumbList\",\"@id\":\"https:\/\/www.yagoody.pl\/en\/shop\/organic-aronia-fibre-150-g\/#breadcrumb\",\"itemListElement\":[{\"@type\":\"ListItem\",\"position\":1,\"name\":\"Strona g\\u0142\\u00f3wna\",\"item\":\"https:\/\/www.yagoody.pl\/en\/\"},{\"@type\":\"ListItem\",\"position\":2,\"name\":\"Sklep\",\"item\":\"https:\/\/www.yagoody.pl\/en\/sklep\/\"},{\"@type\":\"ListItem\",\"position\":3,\"name\":\"Organic aronia fibre 110 g\"}]}]}<\/script>\n<!-- \/ Yoast SEO plugin. -->","_links":{"self":[{"href":"https:\/\/www.yagoody.pl\/en\/wp-json\/wp\/v2\/product\/5749"}],"collection":[{"href":"https:\/\/www.yagoody.pl\/en\/wp-json\/wp\/v2\/product"}],"about":[{"href":"https:\/\/www.yagoody.pl\/en\/wp-json\/wp\/v2\/types\/product"}],"wp:featuredmedia":[{"embeddable":true,"href":"https:\/\/www.yagoody.pl\/en\/wp-json\/wp\/v2\/media\/7951"}],"wp:attachment":[{"href":"https:\/\/www.yagoody.pl\/en\/wp-json\/wp\/v2\/media?parent=5749"}],"curies":[{"name":"wp","href":"https:\/\/api.w.org\/{rel}","templated":true}]}}