{"id":11728,"date":"2020-04-07T08:42:14","date_gmt":"2020-04-30T12:22:28","guid":{"rendered":"http:\/\/www.yagoody.pl\/?post_type=product&#038;p=11728"},"modified":"2021-09-09T09:42:54","modified_gmt":"2021-09-09T07:42:54","slug":"organic-freeze-dried-apple-in-cubes-50-g","status":"publish","type":"product","link":"https:\/\/www.yagoody.pl\/en\/shop\/organic-freeze-dried-apple-in-cubes-50-g\/","title":{"rendered":"Organic freeze dried apple <\/br> in cubes <br> 50 g"},"content":{"rendered":"<p><strong>How to use the product<\/strong>: organic apple in cubes you can add to the muesli, yoghurt, morning tea or compote. Freeze dried apple is also great additive to the desserts, ice-creams and cakes. Thanks to that it is without peel, it can be used as a decoration. It can be eaten directly from the package, as a tasty and healthy snack. It is often used in a touristic kitchen.<\/p>\n<p><strong>Storage method:<\/strong> in a dry and cool place, tightly closed.<\/p>\n<p><strong>Net weight<\/strong>: 50 g<\/p>\n<p>POLISH PRODUCT<\/p>\n<table width=\"357\">\n<tbody>\n<tr>\n<td width=\"281\">Nutrition facts \/ 100 g:<\/td>\n<td width=\"76\"><\/td>\n<\/tr>\n<tr>\n<td width=\"281\">Energy<\/td>\n<td width=\"76\">1487 kJ \/ 352 kcal<\/td>\n<\/tr>\n<tr>\n<td width=\"281\">Fat<\/td>\n<td width=\"76\">0,9 g<\/td>\n<\/tr>\n<tr>\n<td width=\"281\">as which saturates<\/td>\n<td width=\"76\">0,15 g<\/td>\n<\/tr>\n<tr>\n<td width=\"281\">Carbohydrate<\/td>\n<td width=\"76\">72 g<\/td>\n<\/tr>\n<tr>\n<td width=\"281\">as which sugars<\/td>\n<td width=\"76\">22 g<\/td>\n<\/tr>\n<tr>\n<td width=\"281\">Fibre<\/td>\n<td width=\"76\">14 g<\/td>\n<\/tr>\n<tr>\n<td width=\"281\">Protein<\/td>\n<td width=\"76\">2,8 g<\/td>\n<\/tr>\n<tr>\n<td width=\"281\">Salt<\/td>\n<td width=\"76\">0,03 g<\/td>\n<\/tr>\n<\/tbody>\n<\/table>\n<p><strong>WHAT FREEZE DRYING IS?<\/strong><\/p>\n<p>Freeze drying is a process where food is drying through the freezing it, in a temperature lower than 40 Celsius degrees. By that, fruits and vegetables, preserve their nutrients, natural appearance, taste and smell. This is why, during the drying under the atmospheric pressure, it comes to sublimation of ice, which means that almost all the water is removed, excluding condensation. It is safe way of processing food, because in a freeze dried process, none bacteries, mould or other pathogenic germs, can survive.<\/p>\n<p>Thanks to freeze-drying process:<\/p>\n<ul>\n<li>life of food products is extended;<\/li>\n<li>costs of keeping the food are lowering;<\/li>\n<li>seasonal of products is not a problem;<\/li>\n<li>the long term of storability;<\/li>\n<li>reducing spoilage of food &#8211; it is enought to storage product in a dry and shadow place.<\/li>\n<\/ul>\n","protected":false},"excerpt":{"rendered":"<p>Our organic, freeze-dried apples in cubes <strong>are made of natural ingredients, without sugar, preservatives, artificial colourings and flavourings<\/strong>. It contains a lot of natural fiber, which supports digestion and gives a feeling of satiety for a long time. Fiber neutralizes also toxic substances and reduce cholesterol level. Apples contain a lot of vitamins (A, C, E, K, B6) and minerals (magnesium, phosphorus, iron, zink, pottasium, sodium, calcium).<\/p>\n<p><strong>Ingredients:<\/strong> organic freeze dried apple 100%<\/p>\n<p>For whom freeze-dreid apple in cubes?<\/p>\n<ul>\n<li><strong>for children and adults<\/strong><\/li>\n<li><strong>for healthy snacks followers<\/strong><\/li>\n<li><strong>for people with weak hairs and nails<\/strong><\/li>\n<li><strong>for people with breaking blood vessels<\/strong><\/li>\n<li><strong>for people with constipations<\/strong><\/li>\n<\/ul>\n<p>&nbsp;<\/p>\n","protected":false},"featured_media":11775,"template":"","meta":[],"yoast_head":"<!-- This site is optimized with the Yoast SEO plugin v16.5 - https:\/\/yoast.com\/wordpress\/plugins\/seo\/ -->\n<title>Organic freeze dried apple  in cubes  50 g - Yagoody - Ekologiczne produkty<\/title>\n<meta name=\"description\" content=\"Liofilizowane jab\u0142ko BIO to zdrowa przek\u0105ska dla doros\u0142ych i dzieci. Dzi\u0119ki procesowi liofilizacji produkt zachowa\u0142 naturalne walory smakowe i witaminy.\" \/>\n<meta name=\"robots\" content=\"index, follow, max-snippet:-1, max-image-preview:large, max-video-preview:-1\" \/>\n<link rel=\"canonical\" href=\"https:\/\/www.yagoody.pl\/en\/shop\/organic-freeze-dried-apple-in-cubes-50-g\/\" \/>\n<meta property=\"og:locale\" content=\"en_US\" \/>\n<meta property=\"og:type\" content=\"article\" \/>\n<meta property=\"og:title\" content=\"Organic freeze dried apple  in cubes  50 g - Yagoody - Ekologiczne produkty\" \/>\n<meta property=\"og:description\" content=\"Liofilizowane jab\u0142ko BIO to zdrowa przek\u0105ska dla doros\u0142ych i dzieci. Dzi\u0119ki procesowi liofilizacji produkt zachowa\u0142 naturalne walory smakowe i witaminy.\" \/>\n<meta property=\"og:url\" content=\"https:\/\/www.yagoody.pl\/en\/shop\/organic-freeze-dried-apple-in-cubes-50-g\/\" \/>\n<meta property=\"og:site_name\" content=\"Yagoody - Ekologiczne produkty\" \/>\n<meta property=\"article:modified_time\" content=\"2021-09-09T07:42:54+00:00\" \/>\n<meta property=\"og:image\" content=\"https:\/\/www.yagoody.pl\/wp-content\/uploads\/2020\/04\/jab\u0142ko-kostka-liofilizowane-50-g.png\" \/>\n\t<meta property=\"og:image:width\" content=\"352\" \/>\n\t<meta property=\"og:image:height\" content=\"552\" \/>\n<meta name=\"twitter:card\" content=\"summary_large_image\" \/>\n<meta name=\"twitter:label1\" content=\"Est. reading time\" \/>\n\t<meta name=\"twitter:data1\" content=\"1 minute\" \/>\n<script type=\"application\/ld+json\" class=\"yoast-schema-graph\">{\"@context\":\"https:\/\/schema.org\",\"@graph\":[{\"@type\":\"WebSite\",\"@id\":\"https:\/\/www.yagoody.pl\/#website\",\"url\":\"https:\/\/www.yagoody.pl\/\",\"name\":\"Yagoody - Ekologiczne produkty\",\"description\":\"Nasze produkty to bogactwo antyoksydant\\u00f3w oraz witamin, kt\\u00f3re s\\u0105 niezb\\u0119dnym elementem diety i naturalnym sposobem na wspomaganie zdrowia, urody oraz samopoczucia.\",\"potentialAction\":[{\"@type\":\"SearchAction\",\"target\":\"https:\/\/www.yagoody.pl\/?s={search_term_string}\",\"query-input\":\"required name=search_term_string\"}],\"inLanguage\":\"en-US\"},{\"@type\":\"ImageObject\",\"@id\":\"https:\/\/www.yagoody.pl\/en\/shop\/organic-freeze-dried-apple-in-cubes-50-g\/#primaryimage\",\"inLanguage\":\"en-US\",\"url\":\"https:\/\/www.yagoody.pl\/wp-content\/uploads\/2020\/04\/jab\\u0142ko-kostka-liofilizowane-50-g.png\",\"contentUrl\":\"https:\/\/www.yagoody.pl\/wp-content\/uploads\/2020\/04\/jab\\u0142ko-kostka-liofilizowane-50-g.png\",\"width\":352,\"height\":552,\"caption\":\"ekologiczne jablko liofilizowane 50\"},{\"@type\":\"WebPage\",\"@id\":\"https:\/\/www.yagoody.pl\/en\/shop\/organic-freeze-dried-apple-in-cubes-50-g\/#webpage\",\"url\":\"https:\/\/www.yagoody.pl\/en\/shop\/organic-freeze-dried-apple-in-cubes-50-g\/\",\"name\":\"Organic freeze dried apple in cubes 50 g - Yagoody - Ekologiczne produkty\",\"isPartOf\":{\"@id\":\"https:\/\/www.yagoody.pl\/#website\"},\"primaryImageOfPage\":{\"@id\":\"https:\/\/www.yagoody.pl\/en\/shop\/organic-freeze-dried-apple-in-cubes-50-g\/#primaryimage\"},\"datePublished\":\"2020-04-30T12:22:28+00:00\",\"dateModified\":\"2021-09-09T07:42:54+00:00\",\"description\":\"Liofilizowane jab\\u0142ko BIO to zdrowa przek\\u0105ska dla doros\\u0142ych i dzieci. Dzi\\u0119ki procesowi liofilizacji produkt zachowa\\u0142 naturalne walory smakowe i witaminy.\",\"breadcrumb\":{\"@id\":\"https:\/\/www.yagoody.pl\/en\/shop\/organic-freeze-dried-apple-in-cubes-50-g\/#breadcrumb\"},\"inLanguage\":\"en-US\",\"potentialAction\":[{\"@type\":\"ReadAction\",\"target\":[\"https:\/\/www.yagoody.pl\/en\/shop\/organic-freeze-dried-apple-in-cubes-50-g\/\"]}]},{\"@type\":\"BreadcrumbList\",\"@id\":\"https:\/\/www.yagoody.pl\/en\/shop\/organic-freeze-dried-apple-in-cubes-50-g\/#breadcrumb\",\"itemListElement\":[{\"@type\":\"ListItem\",\"position\":1,\"name\":\"Strona g\\u0142\\u00f3wna\",\"item\":\"https:\/\/www.yagoody.pl\/en\/\"},{\"@type\":\"ListItem\",\"position\":2,\"name\":\"Sklep\",\"item\":\"https:\/\/www.yagoody.pl\/en\/sklep\/\"},{\"@type\":\"ListItem\",\"position\":3,\"name\":\"Organic freeze dried apple in cubes 50 g\"}]}]}<\/script>\n<!-- \/ Yoast SEO plugin. -->","_links":{"self":[{"href":"https:\/\/www.yagoody.pl\/en\/wp-json\/wp\/v2\/product\/11728"}],"collection":[{"href":"https:\/\/www.yagoody.pl\/en\/wp-json\/wp\/v2\/product"}],"about":[{"href":"https:\/\/www.yagoody.pl\/en\/wp-json\/wp\/v2\/types\/product"}],"wp:featuredmedia":[{"embeddable":true,"href":"https:\/\/www.yagoody.pl\/en\/wp-json\/wp\/v2\/media\/11775"}],"wp:attachment":[{"href":"https:\/\/www.yagoody.pl\/en\/wp-json\/wp\/v2\/media?parent=11728"}],"curies":[{"name":"wp","href":"https:\/\/api.w.org\/{rel}","templated":true}]}}