{"id":11722,"date":"2020-04-07T10:47:59","date_gmt":"2020-04-30T12:19:16","guid":{"rendered":"http:\/\/www.yagoody.pl\/?post_type=product&#038;p=11722"},"modified":"2021-09-09T09:42:09","modified_gmt":"2021-09-09T07:42:09","slug":"organic-gummies-with-apple-juice-800-g","status":"publish","type":"product","link":"https:\/\/www.yagoody.pl\/en\/shop\/organic-gummies-with-apple-juice-800-g\/","title":{"rendered":"Organic gummies <br> with apple juice <br> 800 g"},"content":{"rendered":"<p><strong>How to use the product:<\/strong> an excellent snack for children and grown-ups; dedicated for direct consumption.<\/p>\n<p><strong>Storage method:<\/strong> in a dry and cool place, tightly closed.<\/p>\n<p><strong>Net weight:<\/strong> 800 g<\/p>\n<table width=\"437\">\n<tbody>\n<tr>\n<td width=\"330\">Nutrition facts \/ 100 g:<\/td>\n<td width=\"108\"><\/td>\n<\/tr>\n<tr>\n<td width=\"330\">Energy<\/td>\n<td width=\"108\">1405 kJ \/ 331 kcal<\/td>\n<\/tr>\n<tr>\n<td width=\"330\">Fat<\/td>\n<td width=\"108\">0,1 g<\/td>\n<\/tr>\n<tr>\n<td width=\"330\">of which saturates<\/td>\n<td width=\"108\">0,1 g<\/td>\n<\/tr>\n<tr>\n<td width=\"330\">Carbohydrate<\/td>\n<td width=\"108\">76 g<\/td>\n<\/tr>\n<tr>\n<td width=\"330\">of which sugars<\/td>\n<td width=\"108\">57 g<\/td>\n<\/tr>\n<tr>\n<td width=\"330\">Fibre<\/td>\n<td width=\"108\">0,2 g<\/td>\n<\/tr>\n<tr>\n<td width=\"330\">Protein<\/td>\n<td width=\"108\">5,2 g<\/td>\n<\/tr>\n<tr>\n<td width=\"330\">Salt<\/td>\n<td width=\"108\">&lt;0,2 g<\/td>\n<\/tr>\n<\/tbody>\n<\/table>\n<p><strong>HOW GUMMY BEARS ARE PRODUCED?<\/strong><\/p>\n<p>Form for the gummies is created in the beginning as a plaster model, which becomes a production form of the whole series of gummies. The stamps are usually pressed by machines into trays with a corn starch.<\/p>\n<p>Ingredients of gummies are heated and mixed, till a homogeneous mass is formed. Then, natural aromas and dyes are added. At the last end, vegetable oil and citric acid are added. After mixing all ingredients, mass is squeezed through a mold dispenser to forms. Gummies need to dry, which usually takes several days. After that, gummies are cleaned and covered with carnauba wax to prevent them from sticking and to give them shining effect.<\/p>\n","protected":false},"excerpt":{"rendered":"<p>Our<strong> organic gummy bears with natural apple juice<\/strong>, are great and healthy snack for children and for adults. Organic gummies Yagoody <strong>are produced in a natural and organic way, without artificial colourings and flavourings.<\/strong> It contains natural apple aroma and organic apple concentrate.<\/p>\n<p><strong>Ingredients:<\/strong>\u00a0corn syrup* 50-60%, cane sugar* (unrefined) 25-35%, pork gelatin* 2-8%, acidity regulator (critic acid) &lt;1%, apple juice concentrate* 4,77%, natural apple flavour &lt;1%, glazing* (sunflower oil*, carnauba wax*) &lt;1%<\/p>\n<p><strong>For whom organic gummies?<\/strong><\/p>\n<ul>\n<li><b>for children from 3 years old and for adults<\/b><\/li>\n<li><strong>for healthy food followers<\/strong><\/li>\n<\/ul>\n","protected":false},"featured_media":11777,"template":"","meta":[],"yoast_head":"<!-- This site is optimized with the Yoast SEO plugin v16.5 - https:\/\/yoast.com\/wordpress\/plugins\/seo\/ -->\n<title>Organic gummies  with apple juice  800 g - Yagoody - Ekologiczne produkty<\/title>\n<meta name=\"description\" content=\"Ekologiczne \u017celki jab\u0142kowe, w kszta\u0142cie mis\u00f3w, kt\u00f3re wszyscy kochaj\u0105. Smaczna przek\u0105ska dla dzieci i doros\u0142ych - w wygodnym opakowaniu.\" \/>\n<meta name=\"robots\" content=\"index, follow, max-snippet:-1, max-image-preview:large, max-video-preview:-1\" \/>\n<link rel=\"canonical\" href=\"https:\/\/www.yagoody.pl\/en\/shop\/organic-gummies-with-apple-juice-800-g\/\" \/>\n<meta property=\"og:locale\" content=\"en_US\" \/>\n<meta property=\"og:type\" content=\"article\" \/>\n<meta property=\"og:title\" content=\"Organic gummies  with apple juice  800 g - Yagoody - Ekologiczne produkty\" \/>\n<meta property=\"og:description\" content=\"Ekologiczne \u017celki jab\u0142kowe, w kszta\u0142cie mis\u00f3w, kt\u00f3re wszyscy kochaj\u0105. Smaczna przek\u0105ska dla dzieci i doros\u0142ych - w wygodnym opakowaniu.\" \/>\n<meta property=\"og:url\" content=\"https:\/\/www.yagoody.pl\/en\/shop\/organic-gummies-with-apple-juice-800-g\/\" \/>\n<meta property=\"og:site_name\" content=\"Yagoody - Ekologiczne produkty\" \/>\n<meta property=\"article:modified_time\" content=\"2021-09-09T07:42:09+00:00\" \/>\n<meta property=\"og:image\" content=\"https:\/\/www.yagoody.pl\/wp-content\/uploads\/2020\/04\/\u017celki-800-g-1.png\" \/>\n\t<meta property=\"og:image:width\" content=\"352\" \/>\n\t<meta property=\"og:image:height\" content=\"552\" \/>\n<meta name=\"twitter:card\" content=\"summary_large_image\" \/>\n<meta name=\"twitter:label1\" content=\"Est. reading time\" \/>\n\t<meta name=\"twitter:data1\" content=\"1 minute\" \/>\n<script type=\"application\/ld+json\" class=\"yoast-schema-graph\">{\"@context\":\"https:\/\/schema.org\",\"@graph\":[{\"@type\":\"WebSite\",\"@id\":\"https:\/\/www.yagoody.pl\/#website\",\"url\":\"https:\/\/www.yagoody.pl\/\",\"name\":\"Yagoody - Ekologiczne produkty\",\"description\":\"Nasze produkty to bogactwo antyoksydant\\u00f3w oraz witamin, kt\\u00f3re s\\u0105 niezb\\u0119dnym elementem diety i naturalnym sposobem na wspomaganie zdrowia, urody oraz samopoczucia.\",\"potentialAction\":[{\"@type\":\"SearchAction\",\"target\":\"https:\/\/www.yagoody.pl\/?s={search_term_string}\",\"query-input\":\"required name=search_term_string\"}],\"inLanguage\":\"en-US\"},{\"@type\":\"ImageObject\",\"@id\":\"https:\/\/www.yagoody.pl\/en\/shop\/organic-gummies-with-apple-juice-800-g\/#primaryimage\",\"inLanguage\":\"en-US\",\"url\":\"https:\/\/www.yagoody.pl\/wp-content\/uploads\/2020\/04\/\\u017celki-800-g-1.png\",\"contentUrl\":\"https:\/\/www.yagoody.pl\/wp-content\/uploads\/2020\/04\/\\u017celki-800-g-1.png\",\"width\":352,\"height\":552,\"caption\":\"zelki ekologiczne jab\\u0142kowe z sokiem jab\\u0142kowym 800 g\"},{\"@type\":\"WebPage\",\"@id\":\"https:\/\/www.yagoody.pl\/en\/shop\/organic-gummies-with-apple-juice-800-g\/#webpage\",\"url\":\"https:\/\/www.yagoody.pl\/en\/shop\/organic-gummies-with-apple-juice-800-g\/\",\"name\":\"Organic gummies with apple juice 800 g - Yagoody - Ekologiczne produkty\",\"isPartOf\":{\"@id\":\"https:\/\/www.yagoody.pl\/#website\"},\"primaryImageOfPage\":{\"@id\":\"https:\/\/www.yagoody.pl\/en\/shop\/organic-gummies-with-apple-juice-800-g\/#primaryimage\"},\"datePublished\":\"2020-04-30T12:19:16+00:00\",\"dateModified\":\"2021-09-09T07:42:09+00:00\",\"description\":\"Ekologiczne \\u017celki jab\\u0142kowe, w kszta\\u0142cie mis\\u00f3w, kt\\u00f3re wszyscy kochaj\\u0105. Smaczna przek\\u0105ska dla dzieci i doros\\u0142ych - w wygodnym opakowaniu.\",\"breadcrumb\":{\"@id\":\"https:\/\/www.yagoody.pl\/en\/shop\/organic-gummies-with-apple-juice-800-g\/#breadcrumb\"},\"inLanguage\":\"en-US\",\"potentialAction\":[{\"@type\":\"ReadAction\",\"target\":[\"https:\/\/www.yagoody.pl\/en\/shop\/organic-gummies-with-apple-juice-800-g\/\"]}]},{\"@type\":\"BreadcrumbList\",\"@id\":\"https:\/\/www.yagoody.pl\/en\/shop\/organic-gummies-with-apple-juice-800-g\/#breadcrumb\",\"itemListElement\":[{\"@type\":\"ListItem\",\"position\":1,\"name\":\"Strona g\\u0142\\u00f3wna\",\"item\":\"https:\/\/www.yagoody.pl\/en\/\"},{\"@type\":\"ListItem\",\"position\":2,\"name\":\"Sklep\",\"item\":\"https:\/\/www.yagoody.pl\/en\/sklep\/\"},{\"@type\":\"ListItem\",\"position\":3,\"name\":\"Organic gummies &lt;br&gt; with apple juice &lt;br&gt; 800 g\"}]}]}<\/script>\n<!-- \/ Yoast SEO plugin. -->","_links":{"self":[{"href":"https:\/\/www.yagoody.pl\/en\/wp-json\/wp\/v2\/product\/11722"}],"collection":[{"href":"https:\/\/www.yagoody.pl\/en\/wp-json\/wp\/v2\/product"}],"about":[{"href":"https:\/\/www.yagoody.pl\/en\/wp-json\/wp\/v2\/types\/product"}],"wp:featuredmedia":[{"embeddable":true,"href":"https:\/\/www.yagoody.pl\/en\/wp-json\/wp\/v2\/media\/11777"}],"wp:attachment":[{"href":"https:\/\/www.yagoody.pl\/en\/wp-json\/wp\/v2\/media?parent=11722"}],"curies":[{"name":"wp","href":"https:\/\/api.w.org\/{rel}","templated":true}]}}