{"id":11718,"date":"2020-04-08T10:46:07","date_gmt":"2020-04-30T12:15:52","guid":{"rendered":"http:\/\/www.yagoody.pl\/?post_type=product&#038;p=11718"},"modified":"2021-09-09T09:39:58","modified_gmt":"2021-09-09T07:39:58","slug":"aronia-in-chocolate-160-g","status":"publish","type":"product","link":"https:\/\/www.yagoody.pl\/en\/shop\/aronia-in-chocolate-160-g\/","title":{"rendered":"Aronia <br> in chocolate <\/br> 160 g"},"content":{"rendered":"<p><strong>How to use the product: <\/strong>you can add aronia in chocolate to your favourite sweet snack or eat it directly from the package.<\/p>\n<p><strong>Storage method:<\/strong> in a dry and cool place, tightly closed.<\/p>\n<p><strong>Net weight:<\/strong> 160 g<\/p>\n<p>POLISH PRODUCT<\/p>\n<table width=\"357\">\n<tbody>\n<tr>\n<td width=\"281\">Nutrition facts \/ 100 g:<\/td>\n<td width=\"76\"><\/td>\n<\/tr>\n<tr>\n<td width=\"281\">Energy<\/td>\n<td width=\"76\">1779 kJ \/ 424 kcal<\/td>\n<\/tr>\n<tr>\n<td width=\"281\">Fat<\/td>\n<td width=\"76\">15 g<\/td>\n<\/tr>\n<tr>\n<td width=\"281\">of which saturates<\/td>\n<td width=\"76\">8,9 g<\/td>\n<\/tr>\n<tr>\n<td width=\"281\">Carbohydrate<\/td>\n<td width=\"76\">67 g<\/td>\n<\/tr>\n<tr>\n<td width=\"281\">of which sugars<\/td>\n<td width=\"76\">65 g<\/td>\n<\/tr>\n<tr>\n<td width=\"281\">Protein<\/td>\n<td width=\"76\">3,5 g<\/td>\n<\/tr>\n<tr>\n<td width=\"281\">Salt<\/td>\n<td width=\"76\">&lt;0,1 g<\/td>\n<\/tr>\n<\/tbody>\n<\/table>\n<p><strong>Aronia ist the most unique polish Superfood!<\/strong> Aronia, first of all is one of the richest sources of anthocyanins in nature. <strong>Processing its fruits does not deprive them of valuable polyphenolic compounds<\/strong>. Therefore, consuming black aronia and its preserves, can <strong>reduce antioxidant stress<\/strong>, and thus may reduce complications associated with diabetes. Flavonoids and antioxidants can <strong>fight off free radicals, which can be a cause of atherosclerosis or hypertension<\/strong>!<\/p>\n","protected":false},"excerpt":{"rendered":"<p>Aronia in connection with dark chocolate gets new taste! Thanks to that you can combine its health valuables with a nice flavour of chocolate. Instead of reaching unhealthy salty snacks or sweets, you can eat with pleasure healthy and tasty aronia fruits in chocolate.<strong> You can take them anywhere you are going to!<\/strong><\/p>\n<p><strong>Ingredients<\/strong>: candied aronia 51% [aronia, sugar]. chocolate 48% [sugar, cocoa mass, cocoa fat, emulsifier: suy lecithin, aroma: vanilla], glazing agents: arabic gum, shellac.<\/p>\n<p><strong>For whom aronia in chocolate?<\/strong><\/p>\n<ul>\n<li><strong>for children and adults<\/strong><\/li>\n<li><strong>for healthy snacks followers<\/strong><\/li>\n<li><strong>for people who are fighting with hypertension<\/strong><\/li>\n<li><strong>for those who are working in front of computer<\/strong><\/li>\n<\/ul>\n","protected":false},"featured_media":11785,"template":"","meta":[],"yoast_head":"<!-- This site is optimized with the Yoast SEO plugin v16.5 - https:\/\/yoast.com\/wordpress\/plugins\/seo\/ -->\n<title>Aronia  in chocolate  160 g - Yagoody - Ekologiczne produkty<\/title>\n<meta name=\"description\" content=\"Aronia w czekoladzie deserowej to idealne po\u0142\u0105czenie smaku. Aronia to \u017ar\u00f3d\u0142o polifenoli. Ta smaczna przek\u0105ska b\u0119dzie idealnym prezentem na ka\u017cd\u0105 okazj\u0119\" \/>\n<meta name=\"robots\" content=\"index, follow, max-snippet:-1, max-image-preview:large, max-video-preview:-1\" \/>\n<link rel=\"canonical\" href=\"https:\/\/www.yagoody.pl\/en\/shop\/aronia-in-chocolate-160-g\/\" \/>\n<meta property=\"og:locale\" content=\"en_US\" \/>\n<meta property=\"og:type\" content=\"article\" \/>\n<meta property=\"og:title\" content=\"Aronia  in chocolate  160 g - Yagoody - Ekologiczne produkty\" \/>\n<meta property=\"og:description\" content=\"Aronia w czekoladzie deserowej to idealne po\u0142\u0105czenie smaku. Aronia to \u017ar\u00f3d\u0142o polifenoli. Ta smaczna przek\u0105ska b\u0119dzie idealnym prezentem na ka\u017cd\u0105 okazj\u0119\" \/>\n<meta property=\"og:url\" content=\"https:\/\/www.yagoody.pl\/en\/shop\/aronia-in-chocolate-160-g\/\" \/>\n<meta property=\"og:site_name\" content=\"Yagoody - Ekologiczne produkty\" \/>\n<meta property=\"article:modified_time\" content=\"2021-09-09T07:39:58+00:00\" \/>\n<meta property=\"og:image\" content=\"https:\/\/www.yagoody.pl\/wp-content\/uploads\/2020\/04\/aronia-w-czekoladzie-1.png\" \/>\n\t<meta property=\"og:image:width\" content=\"352\" \/>\n\t<meta property=\"og:image:height\" content=\"552\" \/>\n<meta name=\"twitter:card\" content=\"summary_large_image\" \/>\n<meta name=\"twitter:label1\" content=\"Est. reading time\" \/>\n\t<meta name=\"twitter:data1\" content=\"1 minute\" \/>\n<script type=\"application\/ld+json\" class=\"yoast-schema-graph\">{\"@context\":\"https:\/\/schema.org\",\"@graph\":[{\"@type\":\"WebSite\",\"@id\":\"https:\/\/www.yagoody.pl\/#website\",\"url\":\"https:\/\/www.yagoody.pl\/\",\"name\":\"Yagoody - Ekologiczne produkty\",\"description\":\"Nasze produkty to bogactwo antyoksydant\\u00f3w oraz witamin, kt\\u00f3re s\\u0105 niezb\\u0119dnym elementem diety i naturalnym sposobem na wspomaganie zdrowia, urody oraz samopoczucia.\",\"potentialAction\":[{\"@type\":\"SearchAction\",\"target\":\"https:\/\/www.yagoody.pl\/?s={search_term_string}\",\"query-input\":\"required name=search_term_string\"}],\"inLanguage\":\"en-US\"},{\"@type\":\"ImageObject\",\"@id\":\"https:\/\/www.yagoody.pl\/en\/shop\/aronia-in-chocolate-160-g\/#primaryimage\",\"inLanguage\":\"en-US\",\"url\":\"https:\/\/www.yagoody.pl\/wp-content\/uploads\/2020\/04\/aronia-w-czekoladzie-1.png\",\"contentUrl\":\"https:\/\/www.yagoody.pl\/wp-content\/uploads\/2020\/04\/aronia-w-czekoladzie-1.png\",\"width\":352,\"height\":552,\"caption\":\"aronia w czekoladzie deserowej, bio juice, yagoody\"},{\"@type\":\"WebPage\",\"@id\":\"https:\/\/www.yagoody.pl\/en\/shop\/aronia-in-chocolate-160-g\/#webpage\",\"url\":\"https:\/\/www.yagoody.pl\/en\/shop\/aronia-in-chocolate-160-g\/\",\"name\":\"Aronia in chocolate 160 g - Yagoody - Ekologiczne produkty\",\"isPartOf\":{\"@id\":\"https:\/\/www.yagoody.pl\/#website\"},\"primaryImageOfPage\":{\"@id\":\"https:\/\/www.yagoody.pl\/en\/shop\/aronia-in-chocolate-160-g\/#primaryimage\"},\"datePublished\":\"2020-04-30T12:15:52+00:00\",\"dateModified\":\"2021-09-09T07:39:58+00:00\",\"description\":\"Aronia w czekoladzie deserowej to idealne po\\u0142\\u0105czenie smaku. Aronia to \\u017ar\\u00f3d\\u0142o polifenoli. Ta smaczna przek\\u0105ska b\\u0119dzie idealnym prezentem na ka\\u017cd\\u0105 okazj\\u0119\",\"breadcrumb\":{\"@id\":\"https:\/\/www.yagoody.pl\/en\/shop\/aronia-in-chocolate-160-g\/#breadcrumb\"},\"inLanguage\":\"en-US\",\"potentialAction\":[{\"@type\":\"ReadAction\",\"target\":[\"https:\/\/www.yagoody.pl\/en\/shop\/aronia-in-chocolate-160-g\/\"]}]},{\"@type\":\"BreadcrumbList\",\"@id\":\"https:\/\/www.yagoody.pl\/en\/shop\/aronia-in-chocolate-160-g\/#breadcrumb\",\"itemListElement\":[{\"@type\":\"ListItem\",\"position\":1,\"name\":\"Strona g\\u0142\\u00f3wna\",\"item\":\"https:\/\/www.yagoody.pl\/en\/\"},{\"@type\":\"ListItem\",\"position\":2,\"name\":\"Sklep\",\"item\":\"https:\/\/www.yagoody.pl\/en\/sklep\/\"},{\"@type\":\"ListItem\",\"position\":3,\"name\":\"Aronia in chocolate 160 g\"}]}]}<\/script>\n<!-- \/ Yoast SEO plugin. -->","_links":{"self":[{"href":"https:\/\/www.yagoody.pl\/en\/wp-json\/wp\/v2\/product\/11718"}],"collection":[{"href":"https:\/\/www.yagoody.pl\/en\/wp-json\/wp\/v2\/product"}],"about":[{"href":"https:\/\/www.yagoody.pl\/en\/wp-json\/wp\/v2\/types\/product"}],"wp:featuredmedia":[{"embeddable":true,"href":"https:\/\/www.yagoody.pl\/en\/wp-json\/wp\/v2\/media\/11785"}],"wp:attachment":[{"href":"https:\/\/www.yagoody.pl\/en\/wp-json\/wp\/v2\/media?parent=11718"}],"curies":[{"name":"wp","href":"https:\/\/api.w.org\/{rel}","templated":true}]}}