{"id":5054,"date":"2016-05-23T12:03:26","date_gmt":"2016-05-23T10:03:26","guid":{"rendered":"http:\/\/www.yagoody.pl\/index.php\/o-nas\/"},"modified":"2021-05-31T11:38:46","modified_gmt":"2021-05-31T09:38:46","slug":"about-us","status":"publish","type":"page","link":"https:\/\/www.yagoody.pl\/en\/about-us\/","title":{"rendered":"About us"},"content":{"rendered":"<div class=\"vc_row wpb_row vc_row-fluid vc_custom_1494506869130 mpc-row\"><div class=\"wpb_column vc_column_container vc_col-sm-12 vc_hidden-xs mpc-column\" data-column-id=\"mpc_column-156a088eb03fd3b\"><div class=\"vc_column-inner \"><div class=\"wpb_wrapper\">\n\t<div class=\"wpb_single_image wpb_content_element vc_align_center\">\n\t\t\n\t\t<figure class=\"wpb_wrapper vc_figure\">\n\t\t\t<div class=\"vc_single_image-wrapper   vc_box_border_grey\"><img width=\"1491\" height=\"907\" src=\"https:\/\/www.yagoody.pl\/wp-content\/uploads\/2016\/05\/aronia-antioxidant-about.jpg\" class=\"vc_single_image-img attachment-full\" alt=\"\" loading=\"lazy\" srcset=\"https:\/\/www.yagoody.pl\/wp-content\/uploads\/2016\/05\/aronia-antioxidant-about.jpg 1491w, https:\/\/www.yagoody.pl\/wp-content\/uploads\/2016\/05\/aronia-antioxidant-about-555x338.jpg 555w, https:\/\/www.yagoody.pl\/wp-content\/uploads\/2016\/05\/aronia-antioxidant-about-720x438.jpg 720w\" sizes=\"(max-width: 1491px) 100vw, 1491px\"><\/div>\n\t\t<\/figure>\n\t<\/div>\n<\/div><\/div><\/div><\/div><div class=\"vc_row wpb_row vc_row-fluid vc_custom_1494506869130 mpc-row\"><div class=\"wpb_column vc_column_container vc_col-sm-12 vc_hidden-lg vc_hidden-md vc_hidden-sm mpc-column\" data-column-id=\"mpc_column-666a088eb0409e3\"><div class=\"vc_column-inner \"><div class=\"wpb_wrapper\">\n\t<div class=\"wpb_single_image wpb_content_element vc_align_center\">\n\t\t\n\t\t<figure class=\"wpb_wrapper vc_figure\">\n\t\t\t<div class=\"vc_single_image-wrapper   vc_box_border_grey\"><img width=\"800\" height=\"935\" src=\"https:\/\/www.yagoody.pl\/wp-content\/uploads\/2016\/05\/aronia-antioxidant-about-mobile-1.jpg\" class=\"vc_single_image-img attachment-full\" alt=\"\" loading=\"lazy\" srcset=\"https:\/\/www.yagoody.pl\/wp-content\/uploads\/2016\/05\/aronia-antioxidant-about-mobile-1.jpg 800w, https:\/\/www.yagoody.pl\/wp-content\/uploads\/2016\/05\/aronia-antioxidant-about-mobile-1-555x649.jpg 555w, https:\/\/www.yagoody.pl\/wp-content\/uploads\/2016\/05\/aronia-antioxidant-about-mobile-1-720x842.jpg 720w\" sizes=\"(max-width: 800px) 100vw, 800px\"><\/div>\n\t\t<\/figure>\n\t<\/div>\n<\/div><\/div><\/div><\/div><div data-vc-full-width=\"true\" data-vc-full-width-init=\"false\" class=\"vc_row wpb_row vc_row-fluid vc_custom_1494583410661 vc_column-gap-25 vc_row-o-content-top vc_row-flex mpc-row\"><div class=\"wpb_column vc_column_container vc_col-sm-6 mpc-column\" data-column-id=\"mpc_column-886a088eb0416cf\"><div class=\"vc_column-inner \"><div class=\"wpb_wrapper\">\n\t<div class=\"wpb_text_column wpb_content_element  vc_custom_1494922379537\">\n\t\t<div class=\"wpb_wrapper\">\n\t\t\t<h3><strong>Yagoody Superfood Products are 100% organic and contain only natural ingredients. No sugar, no preservatives added. <\/strong><\/h3>\n<p>Incorporating Yagoody into your daily diet routine you can improve your body and health condition. Aronia used in Yagoody Superfood comes exclusively from our organic family farms. Berries are picked at the perfect time when they are fully ripe to enjoy its original flavor.<\/p>\n<p>Carefully selected fruits are then gently processed, in lowest possible temperatures, to keep all the nutritional values contained in fresh aronia also in final products. Now you can enjoy original aronia taste and its health benefits all year round. Aronia, also called black treasure, is one of the richest natural sources of antioxidants and vitamins.<\/p>\n\n\t\t<\/div>\n\t<\/div>\n<\/div><\/div><\/div><div class=\"wpb_column vc_column_container vc_col-sm-6 mpc-column\" data-column-id=\"mpc_column-166a088eb041ab0\"><div class=\"vc_column-inner \"><div class=\"wpb_wrapper\">\n\t<div class=\"wpb_text_column wpb_content_element  vc_custom_1494922419046\">\n\t\t<div class=\"wpb_wrapper\">\n\t\t\t<p>Anthocyanins contained in aronia strengthen blood vessels and support cardiovascular system. They help to regulate blood pressure and prevent cholesterol accumulation. Aronia helps also in eye regeneration and is recommended for people working in front of computer. Freeze dried fruit powders Yagoody are the source of nutritional values essential to keep your body in a perfect condition.<\/p>\n<p>Berries are freeze dried in a modern machinery park. Water is evaporated from fruits while nutritional ingredients, vitamins and minerals stay safely locked in the powder. Yagoody Superfood Powders are made only from fruits rich in antioxidants, vitamins and minerals. They can prevent skin aging, boost immune system or support blood sugar regulation.<\/p>\n\n\t\t<\/div>\n\t<\/div>\n<\/div><\/div><\/div><\/div><div class=\"vc_row-full-width vc_clearfix\"><\/div><div data-vc-full-width=\"true\" data-vc-full-width-init=\"false\" class=\"vc_row wpb_row vc_row-fluid vc_custom_1470665081457 vc_row-has-fill mpc-row\"><div class=\"wpb_column vc_column_container vc_col-sm-12 mpc-column\" data-column-id=\"mpc_column-606a088eb0460c0\"><div class=\"vc_column-inner vc_custom_1470745446335\"><div class=\"wpb_wrapper\"><div class=\"vc_row wpb_row vc_inner vc_row-fluid vc_custom_1470837504209 mpc-row\"><div class=\"wpb_column vc_column_container vc_col-sm-4 mpc-column\" data-column-id=\"mpc_column-326a088eb0450c3\"><div class=\"vc_column-inner vc_custom_1470762816091\"><div class=\"wpb_wrapper\"><section class=\"vc_cta3-container\">\n\t<div class=\"vc_general vc_cta3 vc_cta3-style-flat vc_cta3-shape-square vc_cta3-align-center vc_cta3-color-white vc_cta3-icon-size-md  wpb_animate_when_almost_visible wpb_appear appear vc_custom_1494919248343\">\n\t\t\t\t\t\t<div class=\"vc_cta3_content-container\">\n\t\t\t\t\t\t\t\t\t<div class=\"vc_cta3-content\">\n\t\t\t\t<header class=\"vc_cta3-content-header\">\n\t\t\t\t\t<h2 style=\"font-size: 48px;color: #262626;line-height: 0;font-family:Roboto Condensed;font-weight:700;font-style:normal\" class=\"vc_custom_heading\">ORGANIC<\/h2>\t\t\t\t\t\t\t\t\t<\/header>\n\t\t\t\t<p style=\"color: #262626; font-size: 26px; margin: 0px 0 15px; line-height: 1;\">Organic Products<\/p>\n<h4 style=\"color: #c4ba9a; font-size: 15px; margin-bottom: 35px;\">CERTIFIED AGRICULTURE<\/h4>\n<p>Fruits contained in Yagoody Superfood Products come exclusively from certified organic farms, only carefully selected, best quality berries are used in production process.<\/p>\n\t\t\t<\/div>\n\t\t\t\t\t\t\t\t<\/div>\n\t\t\t\t\t<\/div>\n<\/section>\n\n<div class=\"vc_empty_space\" style=\"height: 40px\"><span class=\"vc_empty_space_inner\"><\/span><\/div>\n<\/div><\/div><\/div><div class=\"wpb_column vc_column_container vc_col-sm-4 mpc-column\" data-column-id=\"mpc_column-866a088eb04586b\"><div class=\"vc_column-inner vc_custom_1470762823007\"><div class=\"wpb_wrapper\"><section class=\"vc_cta3-container\">\n\t<div class=\"vc_general vc_cta3 vc_cta3-style-flat vc_cta3-shape-square vc_cta3-align-center vc_cta3-color-white vc_cta3-icon-size-md  wpb_animate_when_almost_visible wpb_appear appear vc_custom_1494919219919\">\n\t\t\t\t\t\t<div class=\"vc_cta3_content-container\">\n\t\t\t\t\t\t\t\t\t<div class=\"vc_cta3-content\">\n\t\t\t\t<header class=\"vc_cta3-content-header\">\n\t\t\t\t\t<h2 style=\"font-size: 48px;color: #262626;line-height: 0;font-family:Roboto Condensed;font-weight:700;font-style:normal\" class=\"vc_custom_heading\">NATURE<\/h2>\t\t\t\t\t\t\t\t\t<\/header>\n\t\t\t\t<p style=\"color: #262626; font-size: 27px; margin: 0px 0 15px; line-height: 1;\">Natural ingredients<\/p>\n<h4 style=\"color: #c4ba9a; font-size: 15px; margin-bottom: 35px;\">INNOVATIVE TECHNOLOGY<\/h4>\n<p>Innovative technology let us process fruits in low temperatures what makes Yagoody Superfood Products full of same nutritional values which are present in fresh berries.<\/p>\n\t\t\t<\/div>\n\t\t\t\t\t\t\t\t<\/div>\n\t\t\t\t\t<\/div>\n<\/section>\n\n<div class=\"vc_empty_space\" style=\"height: 40px\"><span class=\"vc_empty_space_inner\"><\/span><\/div>\n<\/div><\/div><\/div><div class=\"wpb_column vc_column_container vc_col-sm-4 mpc-column\" data-column-id=\"mpc_column-256a088eb045ec6\"><div class=\"vc_column-inner vc_custom_1470762828013\"><div class=\"wpb_wrapper\"><section class=\"vc_cta3-container\">\n\t<div class=\"vc_general vc_cta3 vc_cta3-style-flat vc_cta3-shape-square vc_cta3-align-center vc_cta3-color-white vc_cta3-icon-size-md  wpb_animate_when_almost_visible wpb_appear appear vc_custom_1494921432077\">\n\t\t\t\t\t\t<div class=\"vc_cta3_content-container\">\n\t\t\t\t\t\t\t\t\t<div class=\"vc_cta3-content\">\n\t\t\t\t<header class=\"vc_cta3-content-header\">\n\t\t\t\t\t<h2 style=\"font-size: 48px;color: #262626;line-height: 0;font-family:Roboto Condensed;font-weight:700;font-style:normal\" class=\"vc_custom_heading\">HEALTH<\/h2>\t\t\t\t\t\t\t\t\t<\/header>\n\t\t\t\t<p style=\"color: #262626; font-size: 27px; margin: 0px 0 15px; line-height: 1;\">Mega antioxidant<\/p>\n<h4 style=\"color: #c4ba9a; font-size: 15px; margin-bottom: 35px;\">BODY AND HEALTH SUPPORT<\/h4>\n<p>Yagoody Superfood are mega antioxidant and full of vitamins which are essential in a daily diet. It is a natural way to keep your body and health in a great condition.<\/p>\n\t\t\t<\/div>\n\t\t\t\t\t\t\t\t<\/div>\n\t\t\t\t\t<\/div>\n<\/section>\n\n<\/div><\/div><\/div><\/div><\/div><\/div><\/div><\/div><div class=\"vc_row-full-width vc_clearfix\"><\/div><div class=\"vc_row wpb_row vc_row-fluid mpc-row\"><div class=\"wpb_column vc_column_container vc_col-sm-12 vc_hidden-xs mpc-column\" data-column-id=\"mpc_column-746a088eb055f17\"><div class=\"vc_column-inner vc_custom_1622453202805\"><div class=\"wpb_wrapper\"><div class=\"wpb_revslider_element wpb_content_element\"><link href=\"https:\/\/fonts.googleapis.com\/css?family=Roboto+Condensed:700\" rel=\"stylesheet\" property=\"stylesheet\" type=\"text\/css\" media=\"all\">\n<div id=\"rev_slider_3_1_wrapper\" class=\"rev_slider_wrapper fullwidthbanner-container\" data-source=\"gallery\" style=\"margin:0px auto;background:transparent;padding:0px;margin-top:0px;margin-bottom:0px;\">\n<!-- START REVOLUTION SLIDER 5.4.8 fullwidth mode -->\n\t<div id=\"rev_slider_3_1\" class=\"rev_slider fullwidthabanner\" style=\"display:none;\" data-version=\"5.4.8\">\n<ul>\t<!-- SLIDE  -->\n\t<li data-index=\"rs-16\" data-transition=\"fade\" data-slotamount=\"default\" data-hideafterloop=\"0\" data-hideslideonmobile=\"off\" data-easein=\"default\" data-easeout=\"default\" data-masterspeed=\"300\" data-thumb=\"https:\/\/www.yagoody.pl\/wp-content\/\" data-delay=\"9500\" data-rotate=\"0\" data-saveperformance=\"off\" data-title=\"Whisky\" data-param1=\"\" data-param2=\"\" data-param3=\"\" data-param4=\"\" data-param5=\"\" data-param6=\"\" data-param7=\"\" data-param8=\"\" data-param9=\"\" data-param10=\"\" data-description=\"\">\n\t\t<!-- MAIN IMAGE -->\n\t\t<img src=\"https:\/\/www.yagoody.pl\/wp-content\/\" alt=\"\" title=\"About us\" data-bgposition=\"center center\" data-bgfit=\"cover\" data-bgrepeat=\"no-repeat\" data-bgparallax=\"off\" class=\"rev-slidebg\" data-no-retina>\n\t\t<!-- LAYERS -->\n\n\t\t<!-- LAYER NR. 1 -->\n\t\t<div class=\"tp-caption   tp-resizeme rs-parallaxlevel-1\" id=\"slide-16-layer-1\" data-x=\"['center','left','center','center']\" data-hoffset=\"['-307','-118','-225','-97']\" data-y=\"['middle','middle','middle','middle']\" data-voffset=\"['1','0','-8','3']\" data-width=\"none\" data-height=\"none\" data-whitespace=\"nowrap\" data-type=\"image\" data-responsive_offset=\"on\" data-frames='[{\"delay\":10,\"speed\":600,\"frame\":\"0\",\"from\":\"z:0;rX:0;rY:0;rZ:0;sX:0.9;sY:0.9;skX:0;skY:0;opacity:0;\",\"to\":\"o:1;\",\"ease\":\"Power3.easeInOut\"},{\"delay\":\"wait\",\"speed\":700,\"frame\":\"999\",\"to\":\"opacity:0;\",\"ease\":\"nothing\"}]' data-textalign=\"['left','left','left','left']\" data-paddingtop=\"[0,0,0,0]\" data-paddingright=\"[0,0,0,0]\" data-paddingbottom=\"[0,0,0,0]\" data-paddingleft=\"[0,0,0,0]\" style=\"z-index: 5;\"><img src=\"https:\/\/www.yagoody.pl\/wp-content\/uploads\/2017\/05\/01-Home-b2.jpg\" alt=\"\" data-ww=\"['788px','792px','792px','1087px']\" data-hh=\"['380px','381px','383px','525px']\" width=\"839\" height=\"480\" data-no-retina> <\/div>\n\n\t\t<!-- LAYER NR. 2 -->\n\t\t<div class=\"tp-caption   tp-resizeme rs-parallaxlevel-2\" id=\"slide-16-layer-7\" data-x=\"['right','right','center','right']\" data-hoffset=\"['527','933','-382','780']\" data-y=\"['middle','middle','middle','middle']\" data-voffset=\"['30','-141','0','-70']\" data-width=\"none\" data-height=\"none\" data-whitespace=\"nowrap\" data-visibility=\"['on','on','on','off']\" data-type=\"image\" data-responsive_offset=\"on\" data-frames='[{\"delay\":150,\"speed\":660,\"frame\":\"0\",\"from\":\"z:0;rX:0;rY:0;rZ:0;sX:0.9;sY:0.9;skX:0;skY:0;opacity:0;\",\"to\":\"o:1;\",\"ease\":\"Power2.easeOut\"},{\"delay\":\"wait\",\"speed\":700,\"frame\":\"999\",\"to\":\"opacity:0;\",\"ease\":\"nothing\"}]' data-textalign=\"['left','left','left','left']\" data-paddingtop=\"[0,0,0,0]\" data-paddingright=\"[0,0,0,0]\" data-paddingbottom=\"[0,0,0,0]\" data-paddingleft=\"[0,0,0,0]\" style=\"z-index: 6;\"><img src=\"https:\/\/www.yagoody.pl\/wp-content\/uploads\/2017\/05\/bio-02.png\" alt=\"\" data-ww=\"['724px','724px','156px','322px']\" data-hh=\"['431px','431px','371px','538px']\" width=\"724\" height=\"431\" data-no-retina> <\/div>\n\n\t\t<!-- LAYER NR. 3 -->\n\t\t<div class=\"tp-caption   tp-resizeme rs-parallaxlevel-3\" id=\"slide-16-layer-2\" data-x=\"['right','right','center','right']\" data-hoffset=\"['591','662','-248','632']\" data-y=\"['middle','middle','middle','middle']\" data-voffset=\"['10','4','11','14']\" data-width=\"none\" data-height=\"none\" data-whitespace=\"nowrap\" data-visibility=\"['on','on','on','off']\" data-type=\"image\" data-responsive_offset=\"on\" data-frames='[{\"delay\":220,\"speed\":760,\"frame\":\"0\",\"from\":\"z:0;rX:0;rY:0;rZ:0;sX:0.9;sY:0.9;skX:0;skY:0;opacity:0;\",\"to\":\"o:1;\",\"ease\":\"Power2.easeOut\"},{\"delay\":\"wait\",\"speed\":700,\"frame\":\"999\",\"to\":\"opacity:0;\",\"ease\":\"nothing\"}]' data-textalign=\"['left','left','left','left']\" data-paddingtop=\"[0,0,0,0]\" data-paddingright=\"[0,0,0,0]\" data-paddingbottom=\"[0,0,0,0]\" data-paddingleft=\"[0,0,0,0]\" style=\"z-index: 7;\"><img src=\"https:\/\/www.yagoody.pl\/wp-content\/uploads\/2017\/05\/bio-01.png\" alt=\"\" data-ww=\"['583px','583','583','583']\" data-hh=\"['284px','284','284','284']\" width=\"583\" height=\"284\" data-no-retina> <\/div>\n\n\t\t<!-- LAYER NR. 4 -->\n\t\t<div class=\"tp-caption   tp-resizeme\" id=\"slide-16-layer-3\" data-x=\"['center','center','center','center']\" data-hoffset=\"['332','180','207','-1']\" data-y=\"['middle','middle','middle','middle']\" data-voffset=\"['-63','-76','-74','-122']\" data-fontsize=\"['45','40','40','45']\" data-lineheight=\"['60','50','48','55']\" data-width=\"['497','none','416','300']\" data-height=\"['none','none','49','77']\" data-whitespace=\"['normal','nowrap','normal','normal']\" data-type=\"text\" data-responsive_offset=\"on\" data-frames='[{\"delay\":460,\"speed\":810,\"frame\":\"0\",\"from\":\"z:0;rX:0;rY:0;rZ:0;sX:0.9;sY:0.9;skX:0;skY:0;opacity:0;\",\"to\":\"o:1;\",\"ease\":\"Power3.easeInOut\"},{\"delay\":\"wait\",\"speed\":300,\"frame\":\"999\",\"to\":\"opacity:0;\",\"ease\":\"nothing\"}]' data-textalign=\"['left','left','left','left']\" data-paddingtop=\"[0,0,0,0]\" data-paddingright=\"[0,0,0,0]\" data-paddingbottom=\"[0,0,0,0]\" data-paddingleft=\"[0,0,0,0]\" style=\"z-index: 8; min-width: 497px; max-width: 497px; white-space: normal; font-size: 45px; line-height: 60px; font-weight: 700; color: rgba(38,38,38,1); letter-spacing: px;font-family:Roboto Condensed;text-transform:uppercase;letter-spacing:7px;\">Join Our\nNewsletter <\/div>\n\n\t\t<!-- LAYER NR. 5 -->\n\t\t<div class=\"tp-caption   tp-resizeme\" id=\"slide-16-layer-4\" data-x=\"['center','center','center','center']\" data-hoffset=\"['333','199','202','105']\" data-y=\"['middle','middle','middle','middle']\" data-voffset=\"['19','-18','-16','-35']\" data-lineheight=\"['26','26','24','24']\" data-width=\"['509','445','399','252']\" data-height=\"['53','none','none','100']\" data-whitespace=\"normal\" data-visibility=\"['on','on','on','off']\" data-type=\"text\" data-responsive_offset=\"on\" data-frames='[{\"delay\":660,\"speed\":1000,\"frame\":\"0\",\"from\":\"z:0;rX:0;rY:0;rZ:0;sX:0.9;sY:0.9;skX:0;skY:0;opacity:0;\",\"to\":\"o:1;\",\"ease\":\"Power3.easeInOut\"},{\"delay\":\"wait\",\"speed\":300,\"frame\":\"999\",\"to\":\"opacity:0;\",\"ease\":\"nothing\"}]' data-textalign=\"['left','left','left','left']\" data-paddingtop=\"[0,0,0,0]\" data-paddingright=\"[0,0,0,0]\" data-paddingbottom=\"[0,0,0,0]\" data-paddingleft=\"[0,0,0,0]\" style=\"z-index: 9; min-width: 509px; max-width: 509px; max-width: 53px; max-width: 53px; white-space: normal; font-size: 16px; line-height: 26px; font-weight: 400; color: rgba(153,153,153,1); letter-spacing: px;font-family:Georgia, serif;\">Get information about current promotions and new products <\/div>\n\n\t\t<!-- LAYER NR. 6 -->\n\t\t<div class=\"tp-caption   tp-resizeme\" id=\"slide-16-layer-8\" data-x=\"['left','left','center','center']\" data-hoffset=\"['665','489','223','2']\" data-y=\"['top','top','middle','middle']\" data-voffset=\"['223','182','36','9']\" data-color=\"['rgba(255,255,255,1)','rgba(10,10,10,1)','rgba(10,10,10,1)','rgba(10,10,10,1)']\" data-width=\"['523','443','443','320']\" data-height=\"['24','23','23','25']\" data-whitespace=\"normal\" data-type=\"text\" data-responsive_offset=\"on\" data-frames='[{\"delay\":820,\"speed\":1000,\"frame\":\"0\",\"from\":\"opacity:0;\",\"to\":\"o:1;\",\"ease\":\"Power2.easeInOut\"},{\"delay\":\"wait\",\"speed\":300,\"frame\":\"999\",\"to\":\"opacity:0;\",\"ease\":\"nothing\"}]' data-textalign=\"['left','left','left','left']\" data-paddingtop=\"[0,0,0,0]\" data-paddingright=\"[0,0,0,0]\" data-paddingbottom=\"[0,0,0,0]\" data-paddingleft=\"[0,0,0,0]\" style=\"z-index: 10; min-width: 523px; max-width: 523px; max-width: 24px; max-width: 24px; white-space: normal; font-size: 20px; line-height: 22px; font-weight: 400; color: rgba(255,255,255,1); letter-spacing: px;\"><script>(function() {\n\twindow.mc4wp = window.mc4wp || {\n\t\tlisteners: [],\n\t\tforms: {\n\t\t\ton: function(evt, cb) {\n\t\t\t\twindow.mc4wp.listeners.push(\n\t\t\t\t\t{\n\t\t\t\t\t\tevent   : evt,\n\t\t\t\t\t\tcallback: cb\n\t\t\t\t\t}\n\t\t\t\t);\n\t\t\t}\n\t\t}\n\t}\n})();\n<\/script><!-- Mailchimp for WordPress v4.7.8 - https:\/\/wordpress.org\/plugins\/mailchimp-for-wp\/ --><form id=\"mc4wp-form-1\" class=\"mc4wp-form mc4wp-form-7887\" method=\"post\" data-id=\"7887\" data-name=\"Newsletter Drinks2-EN\"><div class=\"mc4wp-form-fields\"><div class=\"drinks\">\r\n<p>\r\n  <\/p><p>\r\n    <label>\r\n        <input name=\"AGREE_TO_TERMS\" type=\"checkbox\" value=\"1\" required=\"\">I agree to provide commercial information from P.P.H.U. Bio Juice<\/label>\r\n<\/p>\r\n\r\n\t<input type=\"email\" name=\"EMAIL\" placeholder=\"Your email address\" required><input type=\"submit\" value=\"Send\">\r\n\r\n<\/div><\/div><label style=\"display: none !important;\">Leave this field empty if you're human: <input type=\"text\" name=\"_mc4wp_honeypot\" value=\"\" tabindex=\"-1\" autocomplete=\"off\"><\/label><input type=\"hidden\" name=\"_mc4wp_timestamp\" value=\"1778945712\"><input type=\"hidden\" name=\"_mc4wp_form_id\" value=\"7887\"><input type=\"hidden\" name=\"_mc4wp_form_element_id\" value=\"mc4wp-form-1\"><div class=\"mc4wp-response\"><\/div><\/form><!-- \/ Mailchimp for WordPress Plugin --> <\/div>\n\t<\/li>\n<\/ul>\n<div class=\"tp-bannertimer tp-bottom\" style=\"visibility: hidden !important;\"><\/div>\t<\/div>\n<script>var htmlDiv = document.getElementById(\"rs-plugin-settings-inline-css\"); var htmlDivCss=\"\";\n\t\t\t\tif(htmlDiv) {\n\t\t\t\t\thtmlDiv.innerHTML = htmlDiv.innerHTML + htmlDivCss;\n\t\t\t\t}else{\n\t\t\t\t\tvar htmlDiv = document.createElement(\"div\");\n\t\t\t\t\thtmlDiv.innerHTML = \"<style>\" + htmlDivCss + \"<\/style>\";\n\t\t\t\t\tdocument.getElementsByTagName(\"head\")[0].appendChild(htmlDiv.childNodes[0]);\n\t\t\t\t}\n\t\t\t<\/script>\n\t\t<script type=\"text\/javascript\">\nif (setREVStartSize!==undefined) setREVStartSize(\n\t{c: '#rev_slider_3_1', responsiveLevels: [1240,1024,778,480], gridwidth: [1170,1024,1024,480], gridheight: [380,300,340,520], sliderLayout: 'fullwidth'});\n\t\t\t\nvar revapi3,\n\ttpj;\t\n(function() {\t\t\t\n\tif (!\/loaded|interactive|complete\/.test(document.readyState)) document.addEventListener(\"DOMContentLoaded\",onLoad); else onLoad();\t\n\tfunction onLoad() {\t\t\t\t\n\t\tif (tpj===undefined) { tpj = jQuery; if(\"off\" == \"on\") tpj.noConflict();}\n\tif(tpj(\"#rev_slider_3_1\").revolution == undefined){\n\t\trevslider_showDoubleJqueryError(\"#rev_slider_3_1\");\n\t}else{\n\t\trevapi3 = tpj(\"#rev_slider_3_1\").show().revolution({\n\t\t\tsliderType:\"hero\",\n\t\t\tjsFileLocation:\"\/\/www.yagoody.pl\/wp-content\/plugins\/revslider\/public\/assets\/js\/\",\n\t\t\tsliderLayout:\"fullwidth\",\n\t\t\tdottedOverlay:\"none\",\n\t\t\tdelay:9000,\n\t\t\tresponsiveLevels:[1240,1024,778,480],\n\t\t\tvisibilityLevels:[1240,1024,778,480],\n\t\t\tgridwidth:[1170,1024,1024,480],\n\t\t\tgridheight:[380,300,340,520],\n\t\t\tlazyType:\"none\",\n\t\t\tparallax: {\n\t\t\t\ttype:\"mouse\",\n\t\t\t\torigo:\"slidercenter\",\n\t\t\t\tspeed:700,\n\t\t\t\tspeedbg:0,\n\t\t\t\tspeedls:0,\n\t\t\t\tlevels:[3,5,7,20,25,30,35,40,45,46,47,48,49,50,51,55],\n\t\t\t\tdisable_onmobile:\"on\"\n\t\t\t},\n\t\t\tshadow:0,\n\t\t\tspinner:\"spinner3\",\n\t\t\tautoHeight:\"off\",\n\t\t\tdisableProgressBar:\"on\",\n\t\t\thideThumbsOnMobile:\"off\",\n\t\t\thideSliderAtLimit:0,\n\t\t\thideCaptionAtLimit:0,\n\t\t\thideAllCaptionAtLilmit:0,\n\t\t\tdebugMode:false,\n\t\t\tfallbacks: {\n\t\t\t\tsimplifyAll:\"off\",\n\t\t\t\tdisableFocusListener:false,\n\t\t\t}\n\t\t});\n\t}; \/* END OF revapi call *\/\n\t\n }; \/* END OF ON LOAD FUNCTION *\/\n}()); \/* END OF WRAPPING FUNCTION *\/\n<\/script>\n\t\t<script>\n\t\t\t\t\tvar htmlDivCss = '\t#rev_slider_3_1_wrapper .tp-loader.spinner3 div { background-color: #FFFFFF !important; } ';\n\t\t\t\t\tvar htmlDiv = document.getElementById('rs-plugin-settings-inline-css');\n\t\t\t\t\tif(htmlDiv) {\n\t\t\t\t\t\thtmlDiv.innerHTML = htmlDiv.innerHTML + htmlDivCss;\n\t\t\t\t\t}\n\t\t\t\t\telse{\n\t\t\t\t\t\tvar htmlDiv = document.createElement('div');\n\t\t\t\t\t\thtmlDiv.innerHTML = '<style>' + htmlDivCss + '<\/style>';\n\t\t\t\t\t\tdocument.getElementsByTagName('head')[0].appendChild(htmlDiv.childNodes[0]);\n\t\t\t\t\t}\n\t\t\t\t\t<\/script>\n\t\t\t\t\t<\/div><!-- END REVOLUTION SLIDER --><\/div><\/div><\/div><\/div><\/div>\n","protected":false},"excerpt":{"rendered":"Yagoody Superfood Products are 100% organic and contain only natural ingredients. No sugar, no preservatives added. Incorporating Yagoody into your daily diet routine you can","protected":false},"author":1,"featured_media":0,"parent":0,"menu_order":0,"comment_status":"closed","ping_status":"closed","template":"","meta":[],"yoast_head":"<!-- This site is optimized with the Yoast SEO plugin v16.5 - https:\/\/yoast.com\/wordpress\/plugins\/seo\/ -->\n<title>Poznaj nas bli\u017cej, dowiedz si\u0119 wi\u0119cej o nas \u2013 sklep internetowy Yagoody.pl<\/title>\n<meta name=\"description\" content=\"Jeste\u015bmy sklepem internetowym Yagoody.pl oferuj\u0105cym zdrow\u0105, ekologiczn\u0105 \u017cywno\u015b\u0107. W naszej ofercie s\u0105 przede wszystkim produkty z aronii. Jednak mo\u017cna znale\u017a\u0107 u nas inne owoce oraz zio\u0142a.\" \/>\n<meta name=\"robots\" content=\"index, follow, max-snippet:-1, max-image-preview:large, max-video-preview:-1\" \/>\n<link rel=\"canonical\" href=\"https:\/\/www.yagoody.pl\/en\/about-us\/\" \/>\n<meta property=\"og:locale\" content=\"en_US\" \/>\n<meta property=\"og:type\" content=\"article\" \/>\n<meta property=\"og:title\" content=\"Poznaj nas bli\u017cej, dowiedz si\u0119 wi\u0119cej o nas \u2013 sklep internetowy Yagoody.pl\" \/>\n<meta property=\"og:description\" content=\"Jeste\u015bmy sklepem internetowym Yagoody.pl oferuj\u0105cym zdrow\u0105, ekologiczn\u0105 \u017cywno\u015b\u0107. W naszej ofercie s\u0105 przede wszystkim produkty z aronii. Jednak mo\u017cna znale\u017a\u0107 u nas inne owoce oraz zio\u0142a.\" \/>\n<meta property=\"og:url\" content=\"https:\/\/www.yagoody.pl\/en\/about-us\/\" \/>\n<meta property=\"og:site_name\" content=\"Yagoody - Ekologiczne produkty\" \/>\n<meta property=\"article:modified_time\" content=\"2021-05-31T09:38:46+00:00\" \/>\n<meta name=\"twitter:card\" content=\"summary_large_image\" \/>\n<meta name=\"twitter:label1\" content=\"Est. reading time\" \/>\n\t<meta name=\"twitter:data1\" content=\"4 minutes\" \/>\n<script type=\"application\/ld+json\" class=\"yoast-schema-graph\">{\"@context\":\"https:\/\/schema.org\",\"@graph\":[{\"@type\":\"WebSite\",\"@id\":\"https:\/\/www.yagoody.pl\/#website\",\"url\":\"https:\/\/www.yagoody.pl\/\",\"name\":\"Yagoody - Ekologiczne produkty\",\"description\":\"Nasze produkty to bogactwo antyoksydant\\u00f3w oraz witamin, kt\\u00f3re s\\u0105 niezb\\u0119dnym elementem diety i naturalnym sposobem na wspomaganie zdrowia, urody oraz samopoczucia.\",\"potentialAction\":[{\"@type\":\"SearchAction\",\"target\":\"https:\/\/www.yagoody.pl\/?s={search_term_string}\",\"query-input\":\"required name=search_term_string\"}],\"inLanguage\":\"en-US\"},{\"@type\":\"WebPage\",\"@id\":\"https:\/\/www.yagoody.pl\/en\/about-us\/#webpage\",\"url\":\"https:\/\/www.yagoody.pl\/en\/about-us\/\",\"name\":\"Poznaj nas bli\\u017cej, dowiedz si\\u0119 wi\\u0119cej o nas \\u2013 sklep internetowy Yagoody.pl\",\"isPartOf\":{\"@id\":\"https:\/\/www.yagoody.pl\/#website\"},\"datePublished\":\"2016-05-23T10:03:26+00:00\",\"dateModified\":\"2021-05-31T09:38:46+00:00\",\"description\":\"Jeste\\u015bmy sklepem internetowym Yagoody.pl oferuj\\u0105cym zdrow\\u0105, ekologiczn\\u0105 \\u017cywno\\u015b\\u0107. W naszej ofercie s\\u0105 przede wszystkim produkty z aronii. Jednak mo\\u017cna znale\\u017a\\u0107 u nas inne owoce oraz zio\\u0142a.\",\"breadcrumb\":{\"@id\":\"https:\/\/www.yagoody.pl\/en\/about-us\/#breadcrumb\"},\"inLanguage\":\"en-US\",\"potentialAction\":[{\"@type\":\"ReadAction\",\"target\":[\"https:\/\/www.yagoody.pl\/en\/about-us\/\"]}]},{\"@type\":\"BreadcrumbList\",\"@id\":\"https:\/\/www.yagoody.pl\/en\/about-us\/#breadcrumb\",\"itemListElement\":[{\"@type\":\"ListItem\",\"position\":1,\"name\":\"Strona g\\u0142\\u00f3wna\",\"item\":\"https:\/\/www.yagoody.pl\/en\/\"},{\"@type\":\"ListItem\",\"position\":2,\"name\":\"About us\"}]}]}<\/script>\n<!-- \/ Yoast SEO plugin. -->","_links":{"self":[{"href":"https:\/\/www.yagoody.pl\/en\/wp-json\/wp\/v2\/pages\/5054"}],"collection":[{"href":"https:\/\/www.yagoody.pl\/en\/wp-json\/wp\/v2\/pages"}],"about":[{"href":"https:\/\/www.yagoody.pl\/en\/wp-json\/wp\/v2\/types\/page"}],"author":[{"embeddable":true,"href":"https:\/\/www.yagoody.pl\/en\/wp-json\/wp\/v2\/users\/1"}],"replies":[{"embeddable":true,"href":"https:\/\/www.yagoody.pl\/en\/wp-json\/wp\/v2\/comments?post=5054"}],"version-history":[{"count":10,"href":"https:\/\/www.yagoody.pl\/en\/wp-json\/wp\/v2\/pages\/5054\/revisions"}],"predecessor-version":[{"id":5610,"href":"https:\/\/www.yagoody.pl\/en\/wp-json\/wp\/v2\/pages\/5054\/revisions\/5610"}],"wp:attachment":[{"href":"https:\/\/www.yagoody.pl\/en\/wp-json\/wp\/v2\/media?parent=5054"}],"curies":[{"name":"wp","href":"https:\/\/api.w.org\/{rel}","templated":true}]}}